{"id":1171,"date":"2022-05-05T11:23:58","date_gmt":"2022-05-05T09:23:58","guid":{"rendered":"http:\/\/kromletx.com\/?page_id=1171"},"modified":"2022-06-15T12:46:33","modified_gmt":"2022-06-15T10:46:33","slug":"educacion-ambiental","status":"publish","type":"page","link":"https:\/\/kromletx.com\/index.php\/es\/kromletx-coop\/servicios-ambientales\/educacion-ambiental\/","title":{"rendered":"EDUCACI\u00d3N AMBIENTAL"},"content":{"rendered":"\n<figure class=\"wp-block-image alignfull size-large\"><img decoding=\"async\" loading=\"lazy\" width=\"1024\" height=\"64\" src=\"http:\/\/kromletx.com\/wp-content\/uploads\/2022\/06\/PANO_20210927_105751-1-1024x64.jpg\" alt=\"\" class=\"wp-image-1592\" srcset=\"https:\/\/kromletx.com\/wp-content\/uploads\/2022\/06\/PANO_20210927_105751-1-1024x64.jpg 1024w, https:\/\/kromletx.com\/wp-content\/uploads\/2022\/06\/PANO_20210927_105751-1-300x19.jpg 300w, https:\/\/kromletx.com\/wp-content\/uploads\/2022\/06\/PANO_20210927_105751-1-768x48.jpg 768w, https:\/\/kromletx.com\/wp-content\/uploads\/2022\/06\/PANO_20210927_105751-1-1536x96.jpg 1536w, https:\/\/kromletx.com\/wp-content\/uploads\/2022\/06\/PANO_20210927_105751-1-2048x128.jpg 2048w\" sizes=\"(max-width: 1024px) 100vw, 1024px\" \/><\/figure>\n\n\n\n<div class=\"wp-block-ive-ibtana-visual-editorheading\"><div class=\"ive-advanced-text-wrap ive-div-advance-text_ad9473-12 undefined text-center text-md-center text-lg-center text-xl-center\"><h2 class=\"ive-heading-parent undefined ive-advanced-text-inner-wrap ive-adv-advance-text_ad9473-12 ive-lh-xs-30 ive-lh-sm-30 ive-lh-md-30 ive-lh-lg-30 ive-lh-xl-60\" id=\"ive-adv-advance-text_ad9473-12\">EDUCACI\u00d3N AMBIENTAL<\/h2><\/div><\/div>\n\n\n\n<div class=\"wp-block-group alignwide vw-gardening-landscaping our-expertise my-5 mx-0 is-layout-flow wp-block-group-is-layout-flow\"><div class=\"wp-block-group__inner-container\">\n<div class=\"wp-block-ive-ibtana-visual-editorheading\"><div class=\"ive-advanced-text-wrap ive-div-advance-text_794534-c6 undefined text-center text-md-center text-lg-center text-xl-center\"><h2 class=\"ive-heading-parent undefined ive-advanced-text-inner-wrap ive-adv-advance-text_794534-c6 ive-lh-xs-30 ive-lh-sm-30 ive-lh-md-30 ive-lh-lg-30 ive-lh-xl-30\" id=\"ive-adv-advance-text_794534-c6\"><br>our expertise<\/h2><\/div><\/div>\n\n\n\n<div class=\"wp-block-columns alignwide vw-gardening-landscaping service-col mx-md-5 mx-0 is-layout-flex wp-container-4 wp-block-columns-is-layout-flex\">\n<div class=\"wp-block-column vw-gardening-landscaping expertise-col p-4 mb-5 is-layout-flow wp-block-column-is-layout-flow\"><div class=\"wp-block-image text-center\">\n<figure class=\"aligncenter size-full\"><a href=\"http:\/\/kromletx.com\/index.php\/es\/kromletx-coop\/contacto\/\"><img decoding=\"async\" loading=\"lazy\" width=\"175\" height=\"100\" src=\"http:\/\/kromletx.com\/wp-content\/uploads\/2022\/05\/Sin-titulo-2.png\" alt=\"\" class=\"wp-image-1199\"\/><\/a><\/figure><\/div>\n\n\n<div class=\"wp-block-ive-ibtana-visual-editorheading\"><div class=\"ive-advanced-text-wrap ive-div-advance-text_0808b0-62 undefined text-center text-md-center text-lg-center text-xl-center\"><h3 class=\"ive-heading-parent undefined ive-advanced-text-inner-wrap ive-adv-advance-text_0808b0-62 ive-lh-xs-30 ive-lh-sm-30 ive-lh-md-30 ive-lh-lg-30 ive-lh-xl-30\" id=\"ive-adv-advance-text_0808b0-62\">vISITAS<\/h3><\/div><\/div>\n\n\n\n<div class=\"wp-block-ive-ibtana-visual-editorheading\"><div class=\"ive-advanced-text-wrap ive-div-advance-text_053f12-52 undefined text-center text-md-center text-lg-center text-xl-center\"><p class=\"ive-heading-parent undefined ive-advanced-text-inner-wrap ive-adv-advance-text_053f12-52 ive-lh-xs-30 ive-lh-sm-30 ive-lh-md-30 ive-lh-lg-30 ive-lh-xl-30\" id=\"ive-adv-advance-text_053f12-52\">Acompa\u00f1anos en visitas guiadas de educaci\u00f3n ambiental<\/p><\/div><\/div>\n\n\n\n<div class=\"wp-block-ive-ibtana-visual-editorbtn btn-inner-wrap ive-btn-main-parent_9bab2b-ab vw-gardening-landscaping our-expertise-btn text-center\"><div class=\"ive-btn-wrap ive-btn-unique_9bab2b-ab undefined ive-btn-wrap-0 ive-btn-align  text-center text-sm-left text-lg-center text-xl-center \"><a class=\"anchrstyle ive-button-ad_9bab2b-ab ive-button-0 ive-btn-0-action ive-btn-svg-showalways ive-btn-has-text-true\" href=\"http:\/\/kromletx.com\/index.php\/es\/kromletx-coop\/contacto\/\" target=\"_self\" rel=\"noreferrer noopener\"><span class=\"ive-btn-inner-text\">M\u00e1s info<\/span><\/a><\/div><\/div>\n<\/div>\n\n\n\n<div class=\"wp-block-column vw-gardening-landscaping expertise-col p-4 mb-5 is-layout-flow wp-block-column-is-layout-flow\"><div class=\"wp-block-image text-center\">\n<figure class=\"aligncenter size-full is-resized\"><a href=\"http:\/\/kromletx.com\/index.php\/es\/kromletx-coop\/servicios-ambientales\/educacion-ambiental\/cursos-talleres\/\"><img decoding=\"async\" loading=\"lazy\" src=\"http:\/\/kromletx.com\/wp-content\/uploads\/2022\/05\/Sin-tituloa-3.png\" alt=\"\" class=\"wp-image-1200\" width=\"77\" height=\"100\" srcset=\"https:\/\/kromletx.com\/wp-content\/uploads\/2022\/05\/Sin-tituloa-3.png 612w, https:\/\/kromletx.com\/wp-content\/uploads\/2022\/05\/Sin-tituloa-3-230x300.png 230w\" sizes=\"(max-width: 77px) 100vw, 77px\" \/><\/a><\/figure><\/div>\n\n\n<div class=\"wp-block-ive-ibtana-visual-editorheading\"><div class=\"ive-advanced-text-wrap ive-div-advance-text_3858e0-ec undefined text-center text-md-center text-lg-center text-xl-center\"><h3 class=\"ive-heading-parent undefined ive-advanced-text-inner-wrap ive-adv-advance-text_3858e0-ec ive-lh-xs-30 ive-lh-sm-30 ive-lh-md-30 ive-lh-lg-30 ive-lh-xl-30\" id=\"ive-adv-advance-text_3858e0-ec\">TALLERES<\/h3><\/div><\/div>\n\n\n\n<div class=\"wp-block-ive-ibtana-visual-editorheading\"><div class=\"ive-advanced-text-wrap ive-div-advance-text_31f589-9c undefined text-center text-md-center text-lg-center text-xl-center\"><p class=\"ive-heading-parent undefined ive-advanced-text-inner-wrap ive-adv-advance-text_31f589-9c ive-lh-xs-30 ive-lh-sm-30 ive-lh-md-30 ive-lh-lg-30 ive-lh-xl-30\" id=\"ive-adv-advance-text_31f589-9c\">Descubre nuestros m\u00faltiples talleres de educaci\u00f3n ambiental<\/p><\/div><\/div>\n\n\n\n<div class=\"wp-block-ive-ibtana-visual-editorbtn btn-inner-wrap ive-btn-main-parent_f3fe29-18 vw-gardening-landscaping our-expertise-btn text-center\"><div class=\"ive-btn-wrap ive-btn-unique_f3fe29-18 undefined ive-btn-wrap-0 ive-btn-align  text-center text-sm-left text-lg-center text-xl-center \"><a class=\"anchrstyle ive-button-ad_f3fe29-18 ive-button-0 ive-btn-0-action ive-btn-svg-showalways ive-btn-has-text-true\" href=\"http:\/\/kromletx.com\/index.php\/es\/kromletx-coop\/servicios-ambientales\/educacion-ambiental\/cursos-talleres\/\" target=\"_self\" rel=\"noreferrer noopener\"><span class=\"ive-btn-inner-text\">M\u00e1s info<\/span><\/a><\/div><\/div>\n<\/div>\n\n\n\n<div class=\"wp-block-column vw-gardening-landscaping expertise-col p-4 mb-5 is-layout-flow wp-block-column-is-layout-flow\"><div class=\"wp-block-image text-center\">\n<figure class=\"aligncenter size-full is-resized\"><a href=\"http:\/\/kromletx.com\/index.php\/es\/kromletx-coop\/contacto\/\"><img decoding=\"async\" loading=\"lazy\" src=\"http:\/\/kromletx.com\/wp-content\/uploads\/2022\/05\/Sin-titulob-2.png\" alt=\"\" class=\"wp-image-1201\" width=\"100\" height=\"100\" srcset=\"https:\/\/kromletx.com\/wp-content\/uploads\/2022\/05\/Sin-titulob-2.png 700w, https:\/\/kromletx.com\/wp-content\/uploads\/2022\/05\/Sin-titulob-2-300x300.png 300w, https:\/\/kromletx.com\/wp-content\/uploads\/2022\/05\/Sin-titulob-2-150x150.png 150w, https:\/\/kromletx.com\/wp-content\/uploads\/2022\/05\/Sin-titulob-2-600x600.png 600w\" sizes=\"(max-width: 100px) 100vw, 100px\" \/><\/a><\/figure><\/div>\n\n\n<div class=\"wp-block-ive-ibtana-visual-editorheading\"><div class=\"ive-advanced-text-wrap ive-div-advance-text_5648a5-20 undefined text-center text-md-center text-lg-center text-xl-center\"><h3 class=\"ive-heading-parent undefined ive-advanced-text-inner-wrap ive-adv-advance-text_5648a5-20 ive-lh-xs-30 ive-lh-sm-30 ive-lh-md-30 ive-lh-lg-30 ive-lh-xl-30\" id=\"ive-adv-advance-text_5648a5-20\">JORNADAS<\/h3><\/div><\/div>\n\n\n\n<div class=\"wp-block-ive-ibtana-visual-editorheading\"><div class=\"ive-advanced-text-wrap ive-div-advance-text_a3744f-5c undefined text-center text-md-center text-lg-center text-xl-center\"><p class=\"ive-heading-parent undefined ive-advanced-text-inner-wrap ive-adv-advance-text_a3744f-5c ive-lh-xs-30 ive-lh-sm-30 ive-lh-md-30 ive-lh-lg-30 ive-lh-xl-30\" id=\"ive-adv-advance-text_a3744f-5c\">Jornadas integrales de educaci\u00f3n ambiental <\/p><\/div><\/div>\n\n\n\n<div class=\"wp-block-ive-ibtana-visual-editorbtn btn-inner-wrap ive-btn-main-parent_d34a9b-06 vw-gardening-landscaping our-expertise-btn text-center\"><div class=\"ive-btn-wrap ive-btn-unique_d34a9b-06 undefined ive-btn-wrap-0 ive-btn-align  text-center text-sm-left text-lg-center text-xl-center \"><a class=\"anchrstyle ive-button-ad_d34a9b-06 ive-button-0 ive-btn-0-action ive-btn-svg-showalways ive-btn-has-text-true\" href=\"http:\/\/kromletx.com\/index.php\/es\/kromletx-coop\/contacto\/\" target=\"_self\" rel=\"noreferrer noopener\"><span class=\"ive-btn-inner-text\">M\u00e1s info<\/span><\/a><\/div><\/div>\n<\/div>\n<\/div>\n<\/div><\/div>\n","protected":false},"excerpt":{"rendered":"","protected":false},"author":1,"featured_media":0,"parent":585,"menu_order":2,"comment_status":"closed","ping_status":"closed","template":"page-template\/ibtana-page-template.php","meta":{"_regular_price":[],"currency_symbol":[],"footnotes":""},"post_slider_layout_featured_media_urls":{"thumbnail":"","post_slider_layout_landscape_large":"","post_slider_layout_portrait_large":"","post_slider_layout_square_large":"","post_slider_layout_landscape":"","post_slider_layout_portrait":"","post_slider_layout_square":"","full":""},"yoast_head":"<!-- This site is optimized with the Yoast SEO plugin v21.2 - https:\/\/yoast.com\/wordpress\/plugins\/seo\/ -->\n<title>EDUCACI\u00d3N AMBIENTAL - KROMLETX<\/title>\n<meta name=\"description\" content=\"Kromletx ofrece una amplia gama de servicios relacionados con la educaci\u00f3n ambiental y el aprendicaje de los valores naturales y ecol\u00f3gicos\" \/>\n<meta name=\"robots\" content=\"index, follow, max-snippet:-1, max-image-preview:large, max-video-preview:-1\" \/>\n<link rel=\"canonical\" href=\"https:\/\/kromletx.com\/index.php\/es\/kromletx-coop\/servicios-ambientales\/educacion-ambiental\/\" \/>\n<meta property=\"og:locale\" content=\"es_ES\" \/>\n<meta property=\"og:type\" content=\"article\" \/>\n<meta property=\"og:title\" content=\"EDUCACI\u00d3N AMBIENTAL - KROMLETX\" \/>\n<meta property=\"og:description\" content=\"Kromletx ofrece una amplia gama de servicios relacionados con la educaci\u00f3n ambiental y el aprendicaje de los valores naturales y ecol\u00f3gicos\" \/>\n<meta property=\"og:url\" content=\"https:\/\/kromletx.com\/index.php\/es\/kromletx-coop\/servicios-ambientales\/educacion-ambiental\/\" \/>\n<meta property=\"og:site_name\" content=\"KROMLETX\" \/>\n<meta property=\"article:publisher\" content=\"https:\/\/www.facebook.com\/kromletx\/\" \/>\n<meta property=\"article:modified_time\" content=\"2022-06-15T10:46:33+00:00\" \/>\n<meta property=\"og:image\" content=\"http:\/\/kromletx.com\/wp-content\/uploads\/2022\/06\/PANO_20210927_105751-1-1024x64.jpg\" \/>\n<meta name=\"twitter:card\" content=\"summary_large_image\" \/>\n<meta name=\"twitter:site\" content=\"@kromletx1\" \/>\n<meta name=\"twitter:label1\" content=\"Tiempo de lectura\" \/>\n\t<meta name=\"twitter:data1\" content=\"1 minuto\" \/>\n<script type=\"application\/ld+json\" class=\"yoast-schema-graph\">{\"@context\":\"https:\/\/schema.org\",\"@graph\":[{\"@type\":\"WebPage\",\"@id\":\"https:\/\/kromletx.com\/index.php\/es\/kromletx-coop\/servicios-ambientales\/educacion-ambiental\/\",\"url\":\"https:\/\/kromletx.com\/index.php\/es\/kromletx-coop\/servicios-ambientales\/educacion-ambiental\/\",\"name\":\"EDUCACI\u00d3N AMBIENTAL - KROMLETX\",\"isPartOf\":{\"@id\":\"https:\/\/kromletx.com\/#website\"},\"datePublished\":\"2022-05-05T09:23:58+00:00\",\"dateModified\":\"2022-06-15T10:46:33+00:00\",\"description\":\"Kromletx ofrece una amplia gama de servicios relacionados con la educaci\u00f3n ambiental y el aprendicaje de los valores naturales y ecol\u00f3gicos\",\"breadcrumb\":{\"@id\":\"https:\/\/kromletx.com\/index.php\/es\/kromletx-coop\/servicios-ambientales\/educacion-ambiental\/#breadcrumb\"},\"inLanguage\":\"es\",\"potentialAction\":[{\"@type\":\"ReadAction\",\"target\":[\"https:\/\/kromletx.com\/index.php\/es\/kromletx-coop\/servicios-ambientales\/educacion-ambiental\/\"]}]},{\"@type\":\"BreadcrumbList\",\"@id\":\"https:\/\/kromletx.com\/index.php\/es\/kromletx-coop\/servicios-ambientales\/educacion-ambiental\/#breadcrumb\",\"itemListElement\":[{\"@type\":\"ListItem\",\"position\":1,\"name\":\"Portada\",\"item\":\"https:\/\/kromletx.com\/\"},{\"@type\":\"ListItem\",\"position\":2,\"name\":\"KROMLETX, COOP. &#8211; Ing. Rural y Ambiental\",\"item\":\"https:\/\/kromletx.com\/index.php\/es\/kromletx-coop\/\"},{\"@type\":\"ListItem\",\"position\":3,\"name\":\"SEVICIOS AMBIENTALES\",\"item\":\"https:\/\/kromletx.com\/index.php\/es\/kromletx-coop\/servicios-ambientales\/\"},{\"@type\":\"ListItem\",\"position\":4,\"name\":\"EDUCACI\u00d3N AMBIENTAL\"}]},{\"@type\":\"WebSite\",\"@id\":\"https:\/\/kromletx.com\/#website\",\"url\":\"https:\/\/kromletx.com\/\",\"name\":\"KROMLETX\",\"description\":\"\",\"publisher\":{\"@id\":\"https:\/\/kromletx.com\/#organization\"},\"potentialAction\":[{\"@type\":\"SearchAction\",\"target\":{\"@type\":\"EntryPoint\",\"urlTemplate\":\"https:\/\/kromletx.com\/?s={search_term_string}\"},\"query-input\":\"required name=search_term_string\"}],\"inLanguage\":\"es\"},{\"@type\":\"Organization\",\"@id\":\"https:\/\/kromletx.com\/#organization\",\"name\":\"Kromletx\",\"url\":\"https:\/\/kromletx.com\/\",\"logo\":{\"@type\":\"ImageObject\",\"inLanguage\":\"es\",\"@id\":\"https:\/\/kromletx.com\/#\/schema\/logo\/image\/\",\"url\":\"http:\/\/kromletx.com\/wp-content\/uploads\/2020\/08\/Kromletx_Koop-1.jpg\",\"contentUrl\":\"http:\/\/kromletx.com\/wp-content\/uploads\/2020\/08\/Kromletx_Koop-1.jpg\",\"width\":740,\"height\":271,\"caption\":\"Kromletx\"},\"image\":{\"@id\":\"https:\/\/kromletx.com\/#\/schema\/logo\/image\/\"},\"sameAs\":[\"https:\/\/www.facebook.com\/kromletx\/\",\"https:\/\/twitter.com\/kromletx1\",\"https:\/\/www.instagram.com\/kromletx_kooperatiba\/?hl=es\",\"https:\/\/www.linkedin.com\/company\/kromletx-koop--elk--txikia\/\",\"https:\/\/www.youtube.com\/channel\/UCUtli5vj-B7KdVvA9hDj2BA\"]}]}<\/script>\n<!-- \/ Yoast SEO plugin. -->","yoast_head_json":{"title":"EDUCACI\u00d3N AMBIENTAL - KROMLETX","description":"Kromletx ofrece una amplia gama de servicios relacionados con la educaci\u00f3n ambiental y el aprendicaje de los valores naturales y ecol\u00f3gicos","robots":{"index":"index","follow":"follow","max-snippet":"max-snippet:-1","max-image-preview":"max-image-preview:large","max-video-preview":"max-video-preview:-1"},"canonical":"https:\/\/kromletx.com\/index.php\/es\/kromletx-coop\/servicios-ambientales\/educacion-ambiental\/","og_locale":"es_ES","og_type":"article","og_title":"EDUCACI\u00d3N AMBIENTAL - KROMLETX","og_description":"Kromletx ofrece una amplia gama de servicios relacionados con la educaci\u00f3n ambiental y el aprendicaje de los valores naturales y ecol\u00f3gicos","og_url":"https:\/\/kromletx.com\/index.php\/es\/kromletx-coop\/servicios-ambientales\/educacion-ambiental\/","og_site_name":"KROMLETX","article_publisher":"https:\/\/www.facebook.com\/kromletx\/","article_modified_time":"2022-06-15T10:46:33+00:00","og_image":[{"url":"http:\/\/kromletx.com\/wp-content\/uploads\/2022\/06\/PANO_20210927_105751-1-1024x64.jpg"}],"twitter_card":"summary_large_image","twitter_site":"@kromletx1","twitter_misc":{"Tiempo de lectura":"1 minuto"},"schema":{"@context":"https:\/\/schema.org","@graph":[{"@type":"WebPage","@id":"https:\/\/kromletx.com\/index.php\/es\/kromletx-coop\/servicios-ambientales\/educacion-ambiental\/","url":"https:\/\/kromletx.com\/index.php\/es\/kromletx-coop\/servicios-ambientales\/educacion-ambiental\/","name":"EDUCACI\u00d3N AMBIENTAL - KROMLETX","isPartOf":{"@id":"https:\/\/kromletx.com\/#website"},"datePublished":"2022-05-05T09:23:58+00:00","dateModified":"2022-06-15T10:46:33+00:00","description":"Kromletx ofrece una amplia gama de servicios relacionados con la educaci\u00f3n ambiental y el aprendicaje de los valores naturales y ecol\u00f3gicos","breadcrumb":{"@id":"https:\/\/kromletx.com\/index.php\/es\/kromletx-coop\/servicios-ambientales\/educacion-ambiental\/#breadcrumb"},"inLanguage":"es","potentialAction":[{"@type":"ReadAction","target":["https:\/\/kromletx.com\/index.php\/es\/kromletx-coop\/servicios-ambientales\/educacion-ambiental\/"]}]},{"@type":"BreadcrumbList","@id":"https:\/\/kromletx.com\/index.php\/es\/kromletx-coop\/servicios-ambientales\/educacion-ambiental\/#breadcrumb","itemListElement":[{"@type":"ListItem","position":1,"name":"Portada","item":"https:\/\/kromletx.com\/"},{"@type":"ListItem","position":2,"name":"KROMLETX, COOP. &#8211; Ing. Rural y Ambiental","item":"https:\/\/kromletx.com\/index.php\/es\/kromletx-coop\/"},{"@type":"ListItem","position":3,"name":"SEVICIOS AMBIENTALES","item":"https:\/\/kromletx.com\/index.php\/es\/kromletx-coop\/servicios-ambientales\/"},{"@type":"ListItem","position":4,"name":"EDUCACI\u00d3N AMBIENTAL"}]},{"@type":"WebSite","@id":"https:\/\/kromletx.com\/#website","url":"https:\/\/kromletx.com\/","name":"KROMLETX","description":"","publisher":{"@id":"https:\/\/kromletx.com\/#organization"},"potentialAction":[{"@type":"SearchAction","target":{"@type":"EntryPoint","urlTemplate":"https:\/\/kromletx.com\/?s={search_term_string}"},"query-input":"required name=search_term_string"}],"inLanguage":"es"},{"@type":"Organization","@id":"https:\/\/kromletx.com\/#organization","name":"Kromletx","url":"https:\/\/kromletx.com\/","logo":{"@type":"ImageObject","inLanguage":"es","@id":"https:\/\/kromletx.com\/#\/schema\/logo\/image\/","url":"http:\/\/kromletx.com\/wp-content\/uploads\/2020\/08\/Kromletx_Koop-1.jpg","contentUrl":"http:\/\/kromletx.com\/wp-content\/uploads\/2020\/08\/Kromletx_Koop-1.jpg","width":740,"height":271,"caption":"Kromletx"},"image":{"@id":"https:\/\/kromletx.com\/#\/schema\/logo\/image\/"},"sameAs":["https:\/\/www.facebook.com\/kromletx\/","https:\/\/twitter.com\/kromletx1","https:\/\/www.instagram.com\/kromletx_kooperatiba\/?hl=es","https:\/\/www.linkedin.com\/company\/kromletx-koop--elk--txikia\/","https:\/\/www.youtube.com\/channel\/UCUtli5vj-B7KdVvA9hDj2BA"]}]}},"_links":{"self":[{"href":"https:\/\/kromletx.com\/index.php\/wp-json\/wp\/v2\/pages\/1171"}],"collection":[{"href":"https:\/\/kromletx.com\/index.php\/wp-json\/wp\/v2\/pages"}],"about":[{"href":"https:\/\/kromletx.com\/index.php\/wp-json\/wp\/v2\/types\/page"}],"author":[{"embeddable":true,"href":"https:\/\/kromletx.com\/index.php\/wp-json\/wp\/v2\/users\/1"}],"replies":[{"embeddable":true,"href":"https:\/\/kromletx.com\/index.php\/wp-json\/wp\/v2\/comments?post=1171"}],"version-history":[{"count":11,"href":"https:\/\/kromletx.com\/index.php\/wp-json\/wp\/v2\/pages\/1171\/revisions"}],"predecessor-version":[{"id":1625,"href":"https:\/\/kromletx.com\/index.php\/wp-json\/wp\/v2\/pages\/1171\/revisions\/1625"}],"up":[{"embeddable":true,"href":"https:\/\/kromletx.com\/index.php\/wp-json\/wp\/v2\/pages\/585"}],"wp:attachment":[{"href":"https:\/\/kromletx.com\/index.php\/wp-json\/wp\/v2\/media?parent=1171"}],"curies":[{"name":"wp","href":"https:\/\/api.w.org\/{rel}","templated":true}]}}