{"id":195,"date":"2021-02-16T19:12:25","date_gmt":"2021-02-16T18:12:25","guid":{"rendered":"http:\/\/kromletx.com\/index.php\/hasiera-espanol\/"},"modified":"2022-06-15T11:15:59","modified_gmt":"2022-06-15T09:15:59","slug":"kromletx-coop","status":"publish","type":"page","link":"https:\/\/kromletx.com\/index.php\/es\/kromletx-coop\/","title":{"rendered":"KROMLETX, COOP. &#8211; Ing. Rural y Ambiental"},"content":{"rendered":"\n<figure class=\"wp-block-image alignfull size-large\"><img decoding=\"async\" loading=\"lazy\" width=\"1024\" height=\"64\" src=\"http:\/\/kromletx.com\/wp-content\/uploads\/2022\/06\/PANO_20210927_105751-1-1024x64.jpg\" alt=\"\" class=\"wp-image-1592\" srcset=\"https:\/\/kromletx.com\/wp-content\/uploads\/2022\/06\/PANO_20210927_105751-1-1024x64.jpg 1024w, https:\/\/kromletx.com\/wp-content\/uploads\/2022\/06\/PANO_20210927_105751-1-300x19.jpg 300w, https:\/\/kromletx.com\/wp-content\/uploads\/2022\/06\/PANO_20210927_105751-1-768x48.jpg 768w, https:\/\/kromletx.com\/wp-content\/uploads\/2022\/06\/PANO_20210927_105751-1-1536x96.jpg 1536w, https:\/\/kromletx.com\/wp-content\/uploads\/2022\/06\/PANO_20210927_105751-1-2048x128.jpg 2048w\" sizes=\"(max-width: 1024px) 100vw, 1024px\" \/><\/figure>\n\n\n<p style=\"text-align: right;\"><a href=\"https:\/\/kromletx.com\/\">EUS<\/a> \/ <a href=\"http:\/\/kromletx.com\/index.php\/en\/home-english\/\">ENG<\/a> \/ <a href=\"http:\/\/kromletx.com\/index.php\/fr\/home-francais\/\">FRA<\/a><\/p>\n\n\n<div class=\"wp-block-group alignwide expertise-section mx-3 px-lg-4 is-layout-flow wp-block-group-is-layout-flow\"><div class=\"wp-block-group__inner-container\">\n<h2 class=\"alignfull has-text-align-center pt-5 wp-block-heading\" id=\"servicios-rurales-y-ambientales\" style=\"font-size:40px\">SERVICIOS RURALES Y AMBIENTALES<\/h2>\n\n\n\n<div class=\"wp-block-columns alignfull are-vertically-aligned-center mx-lg-5 mx-0 is-layout-flex wp-container-7 wp-block-columns-is-layout-flex\">\n<div class=\"wp-block-column is-vertically-aligned-center expertise-box p-4 my-5 is-layout-flow wp-block-column-is-layout-flow\"><div class=\"wp-block-image\">\n<figure class=\"aligncenter size-full is-resized\"><a href=\"http:\/\/kromletx.com\/index.php\/es\/kromletx-coop\/servicios-rulares\/\"><img decoding=\"async\" loading=\"lazy\" src=\"http:\/\/kromletx.com\/wp-content\/uploads\/2022\/05\/Sin-titulo-13.png\" alt=\"\" class=\"wp-image-1394\" width=\"250\" height=\"250\" srcset=\"https:\/\/kromletx.com\/wp-content\/uploads\/2022\/05\/Sin-titulo-13.png 700w, https:\/\/kromletx.com\/wp-content\/uploads\/2022\/05\/Sin-titulo-13-300x300.png 300w, https:\/\/kromletx.com\/wp-content\/uploads\/2022\/05\/Sin-titulo-13-150x150.png 150w, https:\/\/kromletx.com\/wp-content\/uploads\/2022\/05\/Sin-titulo-13-600x600.png 600w\" sizes=\"(max-width: 250px) 100vw, 250px\" \/><\/a><\/figure><\/div>\n\n\n<h3 class=\"has-text-align-center mb-2 wp-block-heading\" id=\"agricultura-jardineria-silvicultura\" style=\"font-size:18px\">SERVICIOS RURALES<\/h3>\n\n\n\n<div style=\"height:10px\" aria-hidden=\"true\" class=\"wp-block-spacer\"><\/div>\n\n\n\n<p class=\"has-text-align-center text-center mb-2 has-text-color\" style=\"color:#a9a9a9;font-size:14px\"><mark style=\"background-color:rgba(0, 0, 0, 0);color:#696969\" class=\"has-inline-color\"><strong>AGRICULTURA &#8211; JARDINER\u00cdA &#8211; SILVICULTURA<\/strong><\/mark><\/p>\n\n\n\n<p class=\"has-text-align-center text-center mb-2 has-text-color\" style=\"color:#a9a9a9;font-size:14px\"><mark style=\"background-color:rgba(0, 0, 0, 0);color:#696969\" class=\"has-inline-color\">(Huertos, Jardines, Frutales, \u00c1rboles ornamentales, Plantas Arom\u00e1ticas y Medicinales\u2026)<\/mark><\/p>\n\n\n\n<div class=\"wp-block-buttons is-content-justification-center is-layout-flex wp-container-1 wp-block-buttons-is-layout-flex\">\n<div class=\"wp-block-button\"><a class=\"wp-block-button__link has-white-color has-text-color has-background\" href=\"http:\/\/kromletx.com\/index.php\/es\/kromletx-coop\/servicios-rulares\/\" style=\"background-color:#73b21a\">M\u00c1S INFO<\/a><\/div>\n<\/div>\n<\/div>\n\n\n\n<div class=\"wp-block-column is-vertically-aligned-center expertise-box p-4 my-5 is-layout-flow wp-block-column-is-layout-flow\"><div class=\"wp-block-image\">\n<figure class=\"aligncenter size-full is-resized\"><a href=\"http:\/\/kromletx.com\/index.php\/es\/kromletx-coop\/servicios-tecnicos\/\"><img decoding=\"async\" loading=\"lazy\" src=\"http:\/\/kromletx.com\/wp-content\/uploads\/2022\/05\/Sin-tituloa-14.png\" alt=\"\" class=\"wp-image-1396\" width=\"250\" height=\"250\" srcset=\"https:\/\/kromletx.com\/wp-content\/uploads\/2022\/05\/Sin-tituloa-14.png 400w, https:\/\/kromletx.com\/wp-content\/uploads\/2022\/05\/Sin-tituloa-14-300x300.png 300w, https:\/\/kromletx.com\/wp-content\/uploads\/2022\/05\/Sin-tituloa-14-150x150.png 150w\" sizes=\"(max-width: 250px) 100vw, 250px\" \/><\/a><\/figure><\/div>\n\n\n<h3 class=\"has-text-align-center mb-2 wp-block-heading\" id=\"asesoria-proyectos-servicios-tecnicos\" style=\"font-size:18px\">SERVICIOS T\u00c9CNICOS<\/h3>\n\n\n\n<div style=\"height:10px\" aria-hidden=\"true\" class=\"wp-block-spacer\"><\/div>\n\n\n\n<p class=\"has-text-align-center text-center mb-2 has-text-color\" style=\"color:#a9a9a9;font-size:14px\"><mark style=\"background-color:rgba(0, 0, 0, 0);color:#696969\" class=\"has-inline-color\"><strong>ASESOR\u00cdA &#8211; PROYECTOS &#8211; FORMACI\u00d3N<\/strong><\/mark><\/p>\n\n\n\n<p class=\"has-text-align-center text-center mb-2 has-text-color\" style=\"color:#a9a9a9;font-size:14px\"><mark style=\"background-color:rgba(0, 0, 0, 0);color:#696969\" class=\"has-inline-color\">(Informes y Proyectos t\u00e9cnicos, Planes de gesti\u00f3n y ordenaci\u00f3n, Planos, Cursos\u2026) <\/mark><\/p>\n\n\n\n<div class=\"wp-block-buttons is-content-justification-center is-layout-flex wp-container-3 wp-block-buttons-is-layout-flex\">\n<div class=\"wp-block-button\"><a class=\"wp-block-button__link has-white-color has-text-color has-background\" href=\"http:\/\/kromletx.com\/index.php\/es\/kromletx-coop\/servicios-tecnicos\/\" style=\"background-color:#73b21a\">M\u00c1S INFO<\/a><\/div>\n<\/div>\n<\/div>\n\n\n\n<div class=\"wp-block-column is-vertically-aligned-center expertise-box p-4 my-5 is-layout-flow wp-block-column-is-layout-flow\"><div class=\"wp-block-image\">\n<figure class=\"aligncenter size-full is-resized\"><a href=\"http:\/\/kromletx.com\/index.php\/es\/kromletx-coop\/servicios-ambientales\/\"><img decoding=\"async\" loading=\"lazy\" src=\"http:\/\/kromletx.com\/wp-content\/uploads\/2022\/05\/Sin-titulob-10.png\" alt=\"\" class=\"wp-image-1397\" width=\"250\" height=\"250\" srcset=\"https:\/\/kromletx.com\/wp-content\/uploads\/2022\/05\/Sin-titulob-10.png 500w, https:\/\/kromletx.com\/wp-content\/uploads\/2022\/05\/Sin-titulob-10-300x300.png 300w, https:\/\/kromletx.com\/wp-content\/uploads\/2022\/05\/Sin-titulob-10-150x150.png 150w\" sizes=\"(max-width: 250px) 100vw, 250px\" \/><\/a><\/figure><\/div>\n\n\n<h3 class=\"has-text-align-center mb-2 wp-block-heading\" id=\"turismo-de-naturaleza-educacion-ambiental\" style=\"font-size:18px\">SERVICIOS AMBIENTALES<\/h3>\n\n\n\n<div style=\"height:10px\" aria-hidden=\"true\" class=\"wp-block-spacer\"><\/div>\n\n\n\n<p class=\"has-text-align-center text-center mb-2 has-text-color\" style=\"color:#a9a9a9;font-size:14px\"><mark style=\"background-color:rgba(0, 0, 0, 0);color:#696969\" class=\"has-inline-color\"><strong>TURISMO DE NATURALEZA &#8211; EDUCACI\u00d3N AMBIENTAL<\/strong><\/mark><\/p>\n\n\n\n<p class=\"has-text-align-center text-center mb-2 has-text-color\" style=\"color:#a9a9a9;font-size:14px\"><mark style=\"background-color:rgba(0, 0, 0, 0);color:#696969\" class=\"has-inline-color\">(Visitas guiadas, Excursiones tematicas, Rutas autogiadas,<\/mark> <mark style=\"background-color:rgba(0, 0, 0, 0);color:#696969\" class=\"has-inline-color\">Talleres ambientales\u2026) <\/mark><\/p>\n\n\n\n<div class=\"wp-block-buttons is-content-justification-center is-layout-flex wp-container-5 wp-block-buttons-is-layout-flex\">\n<div class=\"wp-block-button\"><a class=\"wp-block-button__link has-white-color has-text-color has-background\" href=\"http:\/\/kromletx.com\/index.php\/es\/kromletx-coop\/servicios-ambientales\/\" style=\"background-color:#73b21a\">M\u00c1S INFO<\/a><\/div>\n<\/div>\n<\/div>\n<\/div>\n<\/div><\/div>\n\n\n\n<figure class=\"wp-block-image alignfull size-large\"><img decoding=\"async\" src=\"http:\/\/kromletx.com\/wp-content\/uploads\/2021\/02\/img-8876_orig-e1613502153892.jpg\" alt=\"\"\/><\/figure>\n","protected":false},"excerpt":{"rendered":"<p>EUS \/ ENG \/ FRA SERVICIOS RURALES Y AMBIENTALES SERVICIOS RURALES AGRICULTURA &#8211; JARDINER\u00cdA &#8211; SILVICULTURA (Huertos, Jardines, Frutales, \u00c1rboles ornamentales, Plantas Arom\u00e1ticas y Medicinales\u2026) SERVICIOS T\u00c9CNICOS ASESOR\u00cdA &#8211; PROYECTOS &#8211; FORMACI\u00d3N (Informes y Proyectos t\u00e9cnicos, Planes de gesti\u00f3n y ordenaci\u00f3n, Planos, Cursos\u2026) SERVICIOS AMBIENTALES TURISMO DE NATURALEZA &#8211; EDUCACI\u00d3N AMBIENTAL (Visitas guiadas, Excursiones tematicas, [&hellip;]<\/p>\n","protected":false},"author":1,"featured_media":0,"parent":0,"menu_order":0,"comment_status":"closed","ping_status":"closed","template":"page-template\/ibtana-page-template.php","meta":{"_regular_price":[],"currency_symbol":[],"footnotes":""},"post_slider_layout_featured_media_urls":{"thumbnail":"","post_slider_layout_landscape_large":"","post_slider_layout_portrait_large":"","post_slider_layout_square_large":"","post_slider_layout_landscape":"","post_slider_layout_portrait":"","post_slider_layout_square":"","full":""},"yoast_head":"<!-- This site is optimized with the Yoast SEO plugin v21.2 - https:\/\/yoast.com\/wordpress\/plugins\/seo\/ -->\n<title>KROMLETX, COOP. - Ing. Rural y Ambiental<\/title>\n<meta name=\"description\" content=\"Cooperativa de trabajo, asentada en el extremo oriental de la llanada alavesa, a los pies del Parque Natural Aizkorri-Aratz.\" \/>\n<meta name=\"robots\" content=\"index, follow, max-snippet:-1, max-image-preview:large, max-video-preview:-1\" \/>\n<link rel=\"canonical\" href=\"https:\/\/kromletx.com\/index.php\/es\/kromletx-coop\/\" \/>\n<meta property=\"og:locale\" content=\"es_ES\" \/>\n<meta property=\"og:type\" content=\"article\" \/>\n<meta property=\"og:title\" content=\"KROMLETX, COOP. - Ing. Rural y Ambiental\" \/>\n<meta property=\"og:description\" content=\"Cooperativa de trabajo, asentada en el extremo oriental de la llanada alavesa, a los pies del Parque Natural Aizkorri-Aratz.\" \/>\n<meta property=\"og:url\" content=\"https:\/\/kromletx.com\/index.php\/es\/kromletx-coop\/\" \/>\n<meta property=\"og:site_name\" content=\"KROMLETX\" \/>\n<meta property=\"article:publisher\" content=\"https:\/\/www.facebook.com\/kromletx\/\" \/>\n<meta property=\"article:modified_time\" content=\"2022-06-15T09:15:59+00:00\" \/>\n<meta property=\"og:image\" content=\"http:\/\/kromletx.com\/wp-content\/uploads\/2022\/06\/PANO_20210927_105751-1-1024x64.jpg\" \/>\n<meta name=\"twitter:card\" content=\"summary_large_image\" \/>\n<meta name=\"twitter:site\" content=\"@kromletx1\" \/>\n<meta name=\"twitter:label1\" content=\"Tiempo de lectura\" \/>\n\t<meta name=\"twitter:data1\" content=\"2 minutos\" \/>\n<script type=\"application\/ld+json\" class=\"yoast-schema-graph\">{\"@context\":\"https:\/\/schema.org\",\"@graph\":[{\"@type\":\"WebPage\",\"@id\":\"https:\/\/kromletx.com\/index.php\/es\/kromletx-coop\/\",\"url\":\"https:\/\/kromletx.com\/index.php\/es\/kromletx-coop\/\",\"name\":\"KROMLETX, COOP. - Ing. Rural y Ambiental\",\"isPartOf\":{\"@id\":\"https:\/\/kromletx.com\/#website\"},\"datePublished\":\"2021-02-16T18:12:25+00:00\",\"dateModified\":\"2022-06-15T09:15:59+00:00\",\"description\":\"Cooperativa de trabajo, asentada en el extremo oriental de la llanada alavesa, a los pies del Parque Natural Aizkorri-Aratz.\",\"breadcrumb\":{\"@id\":\"https:\/\/kromletx.com\/index.php\/es\/kromletx-coop\/#breadcrumb\"},\"inLanguage\":\"es\",\"potentialAction\":[{\"@type\":\"ReadAction\",\"target\":[\"https:\/\/kromletx.com\/index.php\/es\/kromletx-coop\/\"]}]},{\"@type\":\"BreadcrumbList\",\"@id\":\"https:\/\/kromletx.com\/index.php\/es\/kromletx-coop\/#breadcrumb\",\"itemListElement\":[{\"@type\":\"ListItem\",\"position\":1,\"name\":\"Portada\",\"item\":\"https:\/\/kromletx.com\/\"},{\"@type\":\"ListItem\",\"position\":2,\"name\":\"KROMLETX, COOP. &#8211; Ing. Rural y Ambiental\"}]},{\"@type\":\"WebSite\",\"@id\":\"https:\/\/kromletx.com\/#website\",\"url\":\"https:\/\/kromletx.com\/\",\"name\":\"KROMLETX\",\"description\":\"\",\"publisher\":{\"@id\":\"https:\/\/kromletx.com\/#organization\"},\"potentialAction\":[{\"@type\":\"SearchAction\",\"target\":{\"@type\":\"EntryPoint\",\"urlTemplate\":\"https:\/\/kromletx.com\/?s={search_term_string}\"},\"query-input\":\"required name=search_term_string\"}],\"inLanguage\":\"es\"},{\"@type\":\"Organization\",\"@id\":\"https:\/\/kromletx.com\/#organization\",\"name\":\"Kromletx\",\"url\":\"https:\/\/kromletx.com\/\",\"logo\":{\"@type\":\"ImageObject\",\"inLanguage\":\"es\",\"@id\":\"https:\/\/kromletx.com\/#\/schema\/logo\/image\/\",\"url\":\"http:\/\/kromletx.com\/wp-content\/uploads\/2020\/08\/Kromletx_Koop-1.jpg\",\"contentUrl\":\"http:\/\/kromletx.com\/wp-content\/uploads\/2020\/08\/Kromletx_Koop-1.jpg\",\"width\":740,\"height\":271,\"caption\":\"Kromletx\"},\"image\":{\"@id\":\"https:\/\/kromletx.com\/#\/schema\/logo\/image\/\"},\"sameAs\":[\"https:\/\/www.facebook.com\/kromletx\/\",\"https:\/\/twitter.com\/kromletx1\",\"https:\/\/www.instagram.com\/kromletx_kooperatiba\/?hl=es\",\"https:\/\/www.linkedin.com\/company\/kromletx-koop--elk--txikia\/\",\"https:\/\/www.youtube.com\/channel\/UCUtli5vj-B7KdVvA9hDj2BA\"]}]}<\/script>\n<!-- \/ Yoast SEO plugin. -->","yoast_head_json":{"title":"KROMLETX, COOP. - Ing. Rural y Ambiental","description":"Cooperativa de trabajo, asentada en el extremo oriental de la llanada alavesa, a los pies del Parque Natural Aizkorri-Aratz.","robots":{"index":"index","follow":"follow","max-snippet":"max-snippet:-1","max-image-preview":"max-image-preview:large","max-video-preview":"max-video-preview:-1"},"canonical":"https:\/\/kromletx.com\/index.php\/es\/kromletx-coop\/","og_locale":"es_ES","og_type":"article","og_title":"KROMLETX, COOP. - Ing. Rural y Ambiental","og_description":"Cooperativa de trabajo, asentada en el extremo oriental de la llanada alavesa, a los pies del Parque Natural Aizkorri-Aratz.","og_url":"https:\/\/kromletx.com\/index.php\/es\/kromletx-coop\/","og_site_name":"KROMLETX","article_publisher":"https:\/\/www.facebook.com\/kromletx\/","article_modified_time":"2022-06-15T09:15:59+00:00","og_image":[{"url":"http:\/\/kromletx.com\/wp-content\/uploads\/2022\/06\/PANO_20210927_105751-1-1024x64.jpg"}],"twitter_card":"summary_large_image","twitter_site":"@kromletx1","twitter_misc":{"Tiempo de lectura":"2 minutos"},"schema":{"@context":"https:\/\/schema.org","@graph":[{"@type":"WebPage","@id":"https:\/\/kromletx.com\/index.php\/es\/kromletx-coop\/","url":"https:\/\/kromletx.com\/index.php\/es\/kromletx-coop\/","name":"KROMLETX, COOP. - Ing. Rural y Ambiental","isPartOf":{"@id":"https:\/\/kromletx.com\/#website"},"datePublished":"2021-02-16T18:12:25+00:00","dateModified":"2022-06-15T09:15:59+00:00","description":"Cooperativa de trabajo, asentada en el extremo oriental de la llanada alavesa, a los pies del Parque Natural Aizkorri-Aratz.","breadcrumb":{"@id":"https:\/\/kromletx.com\/index.php\/es\/kromletx-coop\/#breadcrumb"},"inLanguage":"es","potentialAction":[{"@type":"ReadAction","target":["https:\/\/kromletx.com\/index.php\/es\/kromletx-coop\/"]}]},{"@type":"BreadcrumbList","@id":"https:\/\/kromletx.com\/index.php\/es\/kromletx-coop\/#breadcrumb","itemListElement":[{"@type":"ListItem","position":1,"name":"Portada","item":"https:\/\/kromletx.com\/"},{"@type":"ListItem","position":2,"name":"KROMLETX, COOP. &#8211; Ing. Rural y Ambiental"}]},{"@type":"WebSite","@id":"https:\/\/kromletx.com\/#website","url":"https:\/\/kromletx.com\/","name":"KROMLETX","description":"","publisher":{"@id":"https:\/\/kromletx.com\/#organization"},"potentialAction":[{"@type":"SearchAction","target":{"@type":"EntryPoint","urlTemplate":"https:\/\/kromletx.com\/?s={search_term_string}"},"query-input":"required name=search_term_string"}],"inLanguage":"es"},{"@type":"Organization","@id":"https:\/\/kromletx.com\/#organization","name":"Kromletx","url":"https:\/\/kromletx.com\/","logo":{"@type":"ImageObject","inLanguage":"es","@id":"https:\/\/kromletx.com\/#\/schema\/logo\/image\/","url":"http:\/\/kromletx.com\/wp-content\/uploads\/2020\/08\/Kromletx_Koop-1.jpg","contentUrl":"http:\/\/kromletx.com\/wp-content\/uploads\/2020\/08\/Kromletx_Koop-1.jpg","width":740,"height":271,"caption":"Kromletx"},"image":{"@id":"https:\/\/kromletx.com\/#\/schema\/logo\/image\/"},"sameAs":["https:\/\/www.facebook.com\/kromletx\/","https:\/\/twitter.com\/kromletx1","https:\/\/www.instagram.com\/kromletx_kooperatiba\/?hl=es","https:\/\/www.linkedin.com\/company\/kromletx-koop--elk--txikia\/","https:\/\/www.youtube.com\/channel\/UCUtli5vj-B7KdVvA9hDj2BA"]}]}},"_links":{"self":[{"href":"https:\/\/kromletx.com\/index.php\/wp-json\/wp\/v2\/pages\/195"}],"collection":[{"href":"https:\/\/kromletx.com\/index.php\/wp-json\/wp\/v2\/pages"}],"about":[{"href":"https:\/\/kromletx.com\/index.php\/wp-json\/wp\/v2\/types\/page"}],"author":[{"embeddable":true,"href":"https:\/\/kromletx.com\/index.php\/wp-json\/wp\/v2\/users\/1"}],"replies":[{"embeddable":true,"href":"https:\/\/kromletx.com\/index.php\/wp-json\/wp\/v2\/comments?post=195"}],"version-history":[{"count":32,"href":"https:\/\/kromletx.com\/index.php\/wp-json\/wp\/v2\/pages\/195\/revisions"}],"predecessor-version":[{"id":1595,"href":"https:\/\/kromletx.com\/index.php\/wp-json\/wp\/v2\/pages\/195\/revisions\/1595"}],"wp:attachment":[{"href":"https:\/\/kromletx.com\/index.php\/wp-json\/wp\/v2\/media?parent=195"}],"curies":[{"name":"wp","href":"https:\/\/api.w.org\/{rel}","templated":true}]}}