{"id":197,"date":"2021-02-16T19:12:25","date_gmt":"2021-02-16T18:12:25","guid":{"rendered":"http:\/\/kromletx.com\/index.php\/hasiera-francais\/"},"modified":"2022-05-12T12:15:27","modified_gmt":"2022-05-12T10:15:27","slug":"kromletx-francais","status":"publish","type":"page","link":"https:\/\/kromletx.com\/index.php\/fr\/kromletx-francais\/","title":{"rendered":"Kromletx &#8211; Fran\u00e7ais"},"content":{"rendered":"\n<div class=\"wp-block-group alignwide vw-gardening-landscaping our-expertise my-5 mx-0 is-layout-flow wp-block-group-is-layout-flow\"><div class=\"wp-block-group__inner-container\">\n<div class=\"wp-block-ive-ibtana-visual-editorheading\"><div class=\"ive-advanced-text-wrap ive-div-advance-text_10c851-49 undefined text-center text-md-center text-lg-center text-xl-center\"><h2 class=\"ive-heading-parent undefined ive-advanced-text-inner-wrap ive-adv-advance-text_10c851-49 ive-lh-xs-30 ive-lh-sm-30 ive-lh-md-30 ive-lh-lg-30 ive-lh-xl-30\" id=\"ive-adv-advance-text_10c851-49\">SERVICES RURAUX ET ENViRONNEMENTAUX<br><\/h2><\/div><\/div>\n\n\n\n<div class=\"wp-block-columns alignwide vw-gardening-landscaping service-col mx-md-5 mx-0 is-layout-flex wp-container-4 wp-block-columns-is-layout-flex\">\n<div class=\"wp-block-column vw-gardening-landscaping expertise-col p-4 mb-5 is-layout-flow wp-block-column-is-layout-flow\">\n<div class=\"wp-block-image text-center\"><figure class=\"aligncenter size-large\"><img decoding=\"async\" src=\"https:\/\/vwthemesdemo.com\/ibtana_json\/free_theme\/vw_gardening_landscaping\/images\/expertise1.png\" alt=\"\" class=\"wp-image-1465\"\/><\/figure><\/div>\n\n\n\n<div class=\"wp-block-ive-ibtana-visual-editorheading\"><div class=\"ive-advanced-text-wrap ive-div-advance-text_3e0175-06 undefined text-center text-md-center text-lg-center text-xl-center\"><h3 class=\"ive-heading-parent undefined ive-advanced-text-inner-wrap ive-adv-advance-text_3e0175-06 ive-lh-xs-30 ive-lh-sm-30 ive-lh-md-30 ive-lh-lg-30 ive-lh-xl-30\" id=\"ive-adv-advance-text_3e0175-06\">Our Expertise Title 1<\/h3><\/div><\/div>\n\n\n\n<div class=\"wp-block-ive-ibtana-visual-editorheading\"><div class=\"ive-advanced-text-wrap ive-div-advance-text_378571-43 undefined text-center text-md-center text-lg-center text-xl-center\"><p class=\"ive-heading-parent undefined ive-advanced-text-inner-wrap ive-adv-advance-text_378571-43 ive-lh-xs-30 ive-lh-sm-30 ive-lh-md-30 ive-lh-lg-30 ive-lh-xl-30\" id=\"ive-adv-advance-text_378571-43\">Lorem Ipsum is simply dummy text of the printing and <\/p><\/div><\/div>\n\n\n\n<div class=\"wp-block-ive-ibtana-visual-editorbtn btn-inner-wrap ive-btn-main-parent_60d189-a1 vw-gardening-landscaping our-expertise-btn text-center\"><div class=\"ive-btn-wrap ive-btn-unique_60d189-a1 undefined ive-btn-wrap-0 ive-btn-align  text-center text-sm-left text-lg-center text-xl-center \"><a class=\"anchrstyle ive-button-ad_60d189-a1 ive-button-0 ive-btn-0-action ive-btn-svg-showalways ive-btn-has-text-true\" href=\"#\" target=\"_self\" rel=\"noreferrer noopener\"><span class=\"ive-btn-inner-text\">Read More<\/span><\/a><\/div><\/div>\n<\/div>\n\n\n\n<div class=\"wp-block-column vw-gardening-landscaping expertise-col p-4 mb-5 is-layout-flow wp-block-column-is-layout-flow\">\n<div class=\"wp-block-image text-center\"><figure class=\"aligncenter size-large\"><img decoding=\"async\" src=\"https:\/\/vwthemesdemo.com\/ibtana_json\/free_theme\/vw_gardening_landscaping\/images\/expertise2.png\" alt=\"\" class=\"wp-image-1510\"\/><\/figure><\/div>\n\n\n\n<div class=\"wp-block-ive-ibtana-visual-editorheading\"><div class=\"ive-advanced-text-wrap ive-div-advance-text_35209f-43 undefined text-center text-md-center text-lg-center text-xl-center\"><h3 class=\"ive-heading-parent undefined ive-advanced-text-inner-wrap ive-adv-advance-text_35209f-43 ive-lh-xs-30 ive-lh-sm-30 ive-lh-md-30 ive-lh-lg-30 ive-lh-xl-30\" id=\"ive-adv-advance-text_35209f-43\">Our Expertise Title 2<\/h3><\/div><\/div>\n\n\n\n<div class=\"wp-block-ive-ibtana-visual-editorheading\"><div class=\"ive-advanced-text-wrap ive-div-advance-text_b97c70-af undefined text-center text-md-center text-lg-center text-xl-center\"><p class=\"ive-heading-parent undefined ive-advanced-text-inner-wrap ive-adv-advance-text_b97c70-af ive-lh-xs-30 ive-lh-sm-30 ive-lh-md-30 ive-lh-lg-30 ive-lh-xl-30\" id=\"ive-adv-advance-text_b97c70-af\">Lorem Ipsum is simply dummy text of the printing and <\/p><\/div><\/div>\n\n\n\n<div class=\"wp-block-ive-ibtana-visual-editorbtn btn-inner-wrap ive-btn-main-parent_31cdf2-b7 vw-gardening-landscaping our-expertise-btn text-center\"><div class=\"ive-btn-wrap ive-btn-unique_31cdf2-b7 undefined ive-btn-wrap-0 ive-btn-align  text-center text-sm-left text-lg-center text-xl-center \"><a class=\"anchrstyle ive-button-ad_31cdf2-b7 ive-button-0 ive-btn-0-action ive-btn-svg-showalways ive-btn-has-text-true\" href=\"#\" target=\"_self\" rel=\"noreferrer noopener\"><span class=\"ive-btn-inner-text\">Read More<\/span><\/a><\/div><\/div>\n<\/div>\n\n\n\n<div class=\"wp-block-column vw-gardening-landscaping expertise-col p-4 mb-5 is-layout-flow wp-block-column-is-layout-flow\">\n<div class=\"wp-block-image text-center\"><figure class=\"aligncenter size-large\"><img decoding=\"async\" src=\"https:\/\/vwthemesdemo.com\/ibtana_json\/free_theme\/vw_gardening_landscaping\/images\/expertise3.png\" alt=\"\" class=\"wp-image-1511\"\/><\/figure><\/div>\n\n\n\n<div class=\"wp-block-ive-ibtana-visual-editorheading\"><div class=\"ive-advanced-text-wrap ive-div-advance-text_610e6a-2e undefined text-center text-md-center text-lg-center text-xl-center\"><h3 class=\"ive-heading-parent undefined ive-advanced-text-inner-wrap ive-adv-advance-text_610e6a-2e ive-lh-xs-30 ive-lh-sm-30 ive-lh-md-30 ive-lh-lg-30 ive-lh-xl-30\" id=\"ive-adv-advance-text_610e6a-2e\">Our Expertise Title 3<\/h3><\/div><\/div>\n\n\n\n<div class=\"wp-block-ive-ibtana-visual-editorheading\"><div class=\"ive-advanced-text-wrap ive-div-advance-text_6833dc-46 undefined text-center text-md-center text-lg-center text-xl-center\"><p class=\"ive-heading-parent undefined ive-advanced-text-inner-wrap ive-adv-advance-text_6833dc-46 ive-lh-xs-30 ive-lh-sm-30 ive-lh-md-30 ive-lh-lg-30 ive-lh-xl-30\" id=\"ive-adv-advance-text_6833dc-46\">Lorem Ipsum is simply dummy text of the printing and <\/p><\/div><\/div>\n\n\n\n<div class=\"wp-block-ive-ibtana-visual-editorbtn btn-inner-wrap ive-btn-main-parent_50d7d9-1c vw-gardening-landscaping our-expertise-btn text-center\"><div class=\"ive-btn-wrap ive-btn-unique_50d7d9-1c undefined ive-btn-wrap-0 ive-btn-align  text-center text-sm-left text-lg-center text-xl-center \"><a class=\"anchrstyle ive-button-ad_50d7d9-1c ive-button-0 ive-btn-0-action ive-btn-svg-showalways ive-btn-has-text-true\" href=\"#\" target=\"_self\" rel=\"noreferrer noopener\"><span class=\"ive-btn-inner-text\">Read More<\/span><\/a><\/div><\/div>\n<\/div>\n<\/div>\n<\/div><\/div>\n","protected":false},"excerpt":{"rendered":"","protected":false},"author":1,"featured_media":0,"parent":0,"menu_order":0,"comment_status":"closed","ping_status":"closed","template":"","meta":{"_regular_price":[],"currency_symbol":[],"footnotes":""},"post_slider_layout_featured_media_urls":{"thumbnail":"","post_slider_layout_landscape_large":"","post_slider_layout_portrait_large":"","post_slider_layout_square_large":"","post_slider_layout_landscape":"","post_slider_layout_portrait":"","post_slider_layout_square":"","full":""},"yoast_head":"<!-- This site is optimized with the Yoast SEO plugin v21.2 - https:\/\/yoast.com\/wordpress\/plugins\/seo\/ -->\n<title>Kromletx - Fran\u00e7ais - KROMLETX<\/title>\n<meta name=\"description\" content=\"Coop\u00e9rative de travail, bas\u00e9e \u00e0 l&#039;extr\u00e9mit\u00e9 orientale de la plaine d&#039;Alava, au pied du parc naturel d&#039;Aizkorri-Aratz.\" \/>\n<meta name=\"robots\" content=\"index, follow, max-snippet:-1, max-image-preview:large, max-video-preview:-1\" \/>\n<link rel=\"canonical\" href=\"https:\/\/kromletx.com\/index.php\/fr\/kromletx-francais\/\" \/>\n<meta property=\"og:locale\" content=\"es_ES\" \/>\n<meta property=\"og:type\" content=\"article\" \/>\n<meta property=\"og:title\" content=\"Kromletx - Fran\u00e7ais - KROMLETX\" \/>\n<meta property=\"og:description\" content=\"Coop\u00e9rative de travail, bas\u00e9e \u00e0 l&#039;extr\u00e9mit\u00e9 orientale de la plaine d&#039;Alava, au pied du parc naturel d&#039;Aizkorri-Aratz.\" \/>\n<meta property=\"og:url\" content=\"https:\/\/kromletx.com\/index.php\/fr\/kromletx-francais\/\" \/>\n<meta property=\"og:site_name\" content=\"KROMLETX\" \/>\n<meta property=\"article:publisher\" content=\"https:\/\/www.facebook.com\/kromletx\/\" \/>\n<meta property=\"article:modified_time\" content=\"2022-05-12T10:15:27+00:00\" \/>\n<meta property=\"og:image\" content=\"https:\/\/vwthemesdemo.com\/ibtana_json\/free_theme\/vw_gardening_landscaping\/images\/expertise1.png\" \/>\n<meta name=\"twitter:card\" content=\"summary_large_image\" \/>\n<meta name=\"twitter:site\" content=\"@kromletx1\" \/>\n<meta name=\"twitter:label1\" content=\"Tiempo de lectura\" \/>\n\t<meta name=\"twitter:data1\" content=\"1 minuto\" \/>\n<script type=\"application\/ld+json\" class=\"yoast-schema-graph\">{\"@context\":\"https:\/\/schema.org\",\"@graph\":[{\"@type\":\"WebPage\",\"@id\":\"https:\/\/kromletx.com\/index.php\/fr\/kromletx-francais\/\",\"url\":\"https:\/\/kromletx.com\/index.php\/fr\/kromletx-francais\/\",\"name\":\"Kromletx - Fran\u00e7ais - KROMLETX\",\"isPartOf\":{\"@id\":\"https:\/\/kromletx.com\/#website\"},\"datePublished\":\"2021-02-16T18:12:25+00:00\",\"dateModified\":\"2022-05-12T10:15:27+00:00\",\"description\":\"Coop\u00e9rative de travail, bas\u00e9e \u00e0 l'extr\u00e9mit\u00e9 orientale de la plaine d'Alava, au pied du parc naturel d'Aizkorri-Aratz.\",\"breadcrumb\":{\"@id\":\"https:\/\/kromletx.com\/index.php\/fr\/kromletx-francais\/#breadcrumb\"},\"inLanguage\":\"es\",\"potentialAction\":[{\"@type\":\"ReadAction\",\"target\":[\"https:\/\/kromletx.com\/index.php\/fr\/kromletx-francais\/\"]}]},{\"@type\":\"BreadcrumbList\",\"@id\":\"https:\/\/kromletx.com\/index.php\/fr\/kromletx-francais\/#breadcrumb\",\"itemListElement\":[{\"@type\":\"ListItem\",\"position\":1,\"name\":\"Portada\",\"item\":\"https:\/\/kromletx.com\/\"},{\"@type\":\"ListItem\",\"position\":2,\"name\":\"Kromletx &#8211; Fran\u00e7ais\"}]},{\"@type\":\"WebSite\",\"@id\":\"https:\/\/kromletx.com\/#website\",\"url\":\"https:\/\/kromletx.com\/\",\"name\":\"KROMLETX\",\"description\":\"\",\"publisher\":{\"@id\":\"https:\/\/kromletx.com\/#organization\"},\"potentialAction\":[{\"@type\":\"SearchAction\",\"target\":{\"@type\":\"EntryPoint\",\"urlTemplate\":\"https:\/\/kromletx.com\/?s={search_term_string}\"},\"query-input\":\"required name=search_term_string\"}],\"inLanguage\":\"es\"},{\"@type\":\"Organization\",\"@id\":\"https:\/\/kromletx.com\/#organization\",\"name\":\"Kromletx\",\"url\":\"https:\/\/kromletx.com\/\",\"logo\":{\"@type\":\"ImageObject\",\"inLanguage\":\"es\",\"@id\":\"https:\/\/kromletx.com\/#\/schema\/logo\/image\/\",\"url\":\"http:\/\/kromletx.com\/wp-content\/uploads\/2020\/08\/Kromletx_Koop-1.jpg\",\"contentUrl\":\"http:\/\/kromletx.com\/wp-content\/uploads\/2020\/08\/Kromletx_Koop-1.jpg\",\"width\":740,\"height\":271,\"caption\":\"Kromletx\"},\"image\":{\"@id\":\"https:\/\/kromletx.com\/#\/schema\/logo\/image\/\"},\"sameAs\":[\"https:\/\/www.facebook.com\/kromletx\/\",\"https:\/\/twitter.com\/kromletx1\",\"https:\/\/www.instagram.com\/kromletx_kooperatiba\/?hl=es\",\"https:\/\/www.linkedin.com\/company\/kromletx-koop--elk--txikia\/\",\"https:\/\/www.youtube.com\/channel\/UCUtli5vj-B7KdVvA9hDj2BA\"]}]}<\/script>\n<!-- \/ Yoast SEO plugin. -->","yoast_head_json":{"title":"Kromletx - Fran\u00e7ais - KROMLETX","description":"Coop\u00e9rative de travail, bas\u00e9e \u00e0 l'extr\u00e9mit\u00e9 orientale de la plaine d'Alava, au pied du parc naturel d'Aizkorri-Aratz.","robots":{"index":"index","follow":"follow","max-snippet":"max-snippet:-1","max-image-preview":"max-image-preview:large","max-video-preview":"max-video-preview:-1"},"canonical":"https:\/\/kromletx.com\/index.php\/fr\/kromletx-francais\/","og_locale":"es_ES","og_type":"article","og_title":"Kromletx - Fran\u00e7ais - KROMLETX","og_description":"Coop\u00e9rative de travail, bas\u00e9e \u00e0 l'extr\u00e9mit\u00e9 orientale de la plaine d'Alava, au pied du parc naturel d'Aizkorri-Aratz.","og_url":"https:\/\/kromletx.com\/index.php\/fr\/kromletx-francais\/","og_site_name":"KROMLETX","article_publisher":"https:\/\/www.facebook.com\/kromletx\/","article_modified_time":"2022-05-12T10:15:27+00:00","og_image":[{"url":"https:\/\/vwthemesdemo.com\/ibtana_json\/free_theme\/vw_gardening_landscaping\/images\/expertise1.png"}],"twitter_card":"summary_large_image","twitter_site":"@kromletx1","twitter_misc":{"Tiempo de lectura":"1 minuto"},"schema":{"@context":"https:\/\/schema.org","@graph":[{"@type":"WebPage","@id":"https:\/\/kromletx.com\/index.php\/fr\/kromletx-francais\/","url":"https:\/\/kromletx.com\/index.php\/fr\/kromletx-francais\/","name":"Kromletx - Fran\u00e7ais - KROMLETX","isPartOf":{"@id":"https:\/\/kromletx.com\/#website"},"datePublished":"2021-02-16T18:12:25+00:00","dateModified":"2022-05-12T10:15:27+00:00","description":"Coop\u00e9rative de travail, bas\u00e9e \u00e0 l'extr\u00e9mit\u00e9 orientale de la plaine d'Alava, au pied du parc naturel d'Aizkorri-Aratz.","breadcrumb":{"@id":"https:\/\/kromletx.com\/index.php\/fr\/kromletx-francais\/#breadcrumb"},"inLanguage":"es","potentialAction":[{"@type":"ReadAction","target":["https:\/\/kromletx.com\/index.php\/fr\/kromletx-francais\/"]}]},{"@type":"BreadcrumbList","@id":"https:\/\/kromletx.com\/index.php\/fr\/kromletx-francais\/#breadcrumb","itemListElement":[{"@type":"ListItem","position":1,"name":"Portada","item":"https:\/\/kromletx.com\/"},{"@type":"ListItem","position":2,"name":"Kromletx &#8211; Fran\u00e7ais"}]},{"@type":"WebSite","@id":"https:\/\/kromletx.com\/#website","url":"https:\/\/kromletx.com\/","name":"KROMLETX","description":"","publisher":{"@id":"https:\/\/kromletx.com\/#organization"},"potentialAction":[{"@type":"SearchAction","target":{"@type":"EntryPoint","urlTemplate":"https:\/\/kromletx.com\/?s={search_term_string}"},"query-input":"required name=search_term_string"}],"inLanguage":"es"},{"@type":"Organization","@id":"https:\/\/kromletx.com\/#organization","name":"Kromletx","url":"https:\/\/kromletx.com\/","logo":{"@type":"ImageObject","inLanguage":"es","@id":"https:\/\/kromletx.com\/#\/schema\/logo\/image\/","url":"http:\/\/kromletx.com\/wp-content\/uploads\/2020\/08\/Kromletx_Koop-1.jpg","contentUrl":"http:\/\/kromletx.com\/wp-content\/uploads\/2020\/08\/Kromletx_Koop-1.jpg","width":740,"height":271,"caption":"Kromletx"},"image":{"@id":"https:\/\/kromletx.com\/#\/schema\/logo\/image\/"},"sameAs":["https:\/\/www.facebook.com\/kromletx\/","https:\/\/twitter.com\/kromletx1","https:\/\/www.instagram.com\/kromletx_kooperatiba\/?hl=es","https:\/\/www.linkedin.com\/company\/kromletx-koop--elk--txikia\/","https:\/\/www.youtube.com\/channel\/UCUtli5vj-B7KdVvA9hDj2BA"]}]}},"_links":{"self":[{"href":"https:\/\/kromletx.com\/index.php\/wp-json\/wp\/v2\/pages\/197"}],"collection":[{"href":"https:\/\/kromletx.com\/index.php\/wp-json\/wp\/v2\/pages"}],"about":[{"href":"https:\/\/kromletx.com\/index.php\/wp-json\/wp\/v2\/types\/page"}],"author":[{"embeddable":true,"href":"https:\/\/kromletx.com\/index.php\/wp-json\/wp\/v2\/users\/1"}],"replies":[{"embeddable":true,"href":"https:\/\/kromletx.com\/index.php\/wp-json\/wp\/v2\/comments?post=197"}],"version-history":[{"count":6,"href":"https:\/\/kromletx.com\/index.php\/wp-json\/wp\/v2\/pages\/197\/revisions"}],"predecessor-version":[{"id":1471,"href":"https:\/\/kromletx.com\/index.php\/wp-json\/wp\/v2\/pages\/197\/revisions\/1471"}],"wp:attachment":[{"href":"https:\/\/kromletx.com\/index.php\/wp-json\/wp\/v2\/media?parent=197"}],"curies":[{"name":"wp","href":"https:\/\/api.w.org\/{rel}","templated":true}]}}