{"id":500,"date":"2022-03-02T10:23:33","date_gmt":"2022-03-02T09:23:33","guid":{"rendered":"http:\/\/kromletx.com\/?page_id=500"},"modified":"2022-06-15T13:33:05","modified_gmt":"2022-06-15T11:33:05","slug":"podas","status":"publish","type":"page","link":"https:\/\/kromletx.com\/index.php\/es\/kromletx-coop\/servicios-rulares\/jardineria\/podas\/","title":{"rendered":"PODAS"},"content":{"rendered":"\n<figure class=\"wp-block-image alignfull size-large\"><img decoding=\"async\" loading=\"lazy\" width=\"1024\" height=\"64\" src=\"http:\/\/kromletx.com\/wp-content\/uploads\/2022\/06\/PANO_20210927_105751-1-1024x64.jpg\" alt=\"\" class=\"wp-image-1592\" srcset=\"https:\/\/kromletx.com\/wp-content\/uploads\/2022\/06\/PANO_20210927_105751-1-1024x64.jpg 1024w, https:\/\/kromletx.com\/wp-content\/uploads\/2022\/06\/PANO_20210927_105751-1-300x19.jpg 300w, https:\/\/kromletx.com\/wp-content\/uploads\/2022\/06\/PANO_20210927_105751-1-768x48.jpg 768w, https:\/\/kromletx.com\/wp-content\/uploads\/2022\/06\/PANO_20210927_105751-1-1536x96.jpg 1536w, https:\/\/kromletx.com\/wp-content\/uploads\/2022\/06\/PANO_20210927_105751-1-2048x128.jpg 2048w\" sizes=\"(max-width: 1024px) 100vw, 1024px\" \/><\/figure>\n\n\n\n<div class=\"wp-block-ive-ibtana-visual-editorheading\"><div class=\"ive-advanced-text-wrap ive-div-advance-text_9ce4b4-0f undefined text-center text-md-center text-lg-center text-xl-center\"><h2 class=\"ive-heading-parent undefined ive-advanced-text-inner-wrap ive-adv-advance-text_9ce4b4-0f ive-lh-xs-30 ive-lh-sm-30 ive-lh-md-30 ive-lh-lg-30 ive-lh-xl-30\" id=\"ive-adv-advance-text_9ce4b4-0f\"><strong>Mantenimiento de frutales y arbolado urbano. Podas de producci\u00f3n, formaci\u00f3n, altura&#8230;<\/strong><\/h2><\/div><\/div>\n\n\n<div class=\"wp-block-image\">\n<figure class=\"aligncenter size-full\"><img decoding=\"async\" loading=\"lazy\" width=\"596\" height=\"254\" src=\"http:\/\/kromletx.com\/wp-content\/uploads\/2022\/03\/img-20190215-123557_3_orig-e1646216996735.jpg\" alt=\"\" class=\"wp-image-511\" srcset=\"https:\/\/kromletx.com\/wp-content\/uploads\/2022\/03\/img-20190215-123557_3_orig-e1646216996735.jpg 596w, https:\/\/kromletx.com\/wp-content\/uploads\/2022\/03\/img-20190215-123557_3_orig-e1646216996735-300x128.jpg 300w\" sizes=\"(max-width: 596px) 100vw, 596px\" \/><\/figure><\/div>\n\n\n<div class=\"wp-block-ive-ibtana-visual-editorheading\"><div class=\"ive-advanced-text-wrap ive-div-advance-text_53e07d-ab undefined text-center text-md-center text-lg-start text-xl-start\"><h3 class=\"ive-heading-parent undefined ive-advanced-text-inner-wrap ive-adv-advance-text_53e07d-ab ive-lh-xs-30 ive-lh-sm-30 ive-lh-md-30 ive-lh-lg-30 ive-lh-xl-30\" id=\"ive-adv-advance-text_53e07d-ab\">-Las podas se clasifican en funci\u00f3n de su dificultad, considerando la cantidad y el grosor de las ramas, la altura de copa&#8230;<br>-Las actuaciones se realizar\u00e1n con el arbolado en su parada vegetativa, salvo excepci\u00f3n.<br>-Las podas por encima de 4 metros de altura, requerir\u00e1n la solicitud de presupesto personalizado.<\/h3><\/div><\/div>\n\n\n<div class=\"wp-block-image\">\n<figure class=\"aligncenter size-full\"><img decoding=\"async\" loading=\"lazy\" width=\"926\" height=\"301\" src=\"http:\/\/kromletx.com\/wp-content\/uploads\/2022\/03\/PODAS.png\" alt=\"\" class=\"wp-image-505\" srcset=\"https:\/\/kromletx.com\/wp-content\/uploads\/2022\/03\/PODAS.png 926w, https:\/\/kromletx.com\/wp-content\/uploads\/2022\/03\/PODAS-300x98.png 300w, https:\/\/kromletx.com\/wp-content\/uploads\/2022\/03\/PODAS-768x250.png 768w\" sizes=\"(max-width: 926px) 100vw, 926px\" \/><\/figure><\/div>","protected":false},"excerpt":{"rendered":"","protected":false},"author":1,"featured_media":0,"parent":419,"menu_order":3,"comment_status":"closed","ping_status":"closed","template":"page-template\/ibtana-page-template.php","meta":{"_regular_price":[],"currency_symbol":[],"footnotes":""},"post_slider_layout_featured_media_urls":{"thumbnail":"","post_slider_layout_landscape_large":"","post_slider_layout_portrait_large":"","post_slider_layout_square_large":"","post_slider_layout_landscape":"","post_slider_layout_portrait":"","post_slider_layout_square":"","full":""},"yoast_head":"<!-- This site is optimized with the Yoast SEO plugin v21.2 - https:\/\/yoast.com\/wordpress\/plugins\/seo\/ -->\n<title>PODAS - KROMLETX<\/title>\n<meta name=\"description\" content=\"Poda de frutales o arbolado urbano en el Este de Araba, consulta nuetros servicios y precios disponibles en la web.\" \/>\n<meta name=\"robots\" content=\"index, follow, max-snippet:-1, max-image-preview:large, max-video-preview:-1\" \/>\n<link rel=\"canonical\" href=\"https:\/\/kromletx.com\/index.php\/es\/kromletx-coop\/servicios-rulares\/jardineria\/podas\/\" \/>\n<meta property=\"og:locale\" content=\"es_ES\" \/>\n<meta property=\"og:type\" content=\"article\" \/>\n<meta property=\"og:title\" content=\"PODAS - KROMLETX\" \/>\n<meta property=\"og:description\" content=\"Poda de frutales o arbolado urbano en el Este de Araba, consulta nuetros servicios y precios disponibles en la web.\" \/>\n<meta property=\"og:url\" content=\"https:\/\/kromletx.com\/index.php\/es\/kromletx-coop\/servicios-rulares\/jardineria\/podas\/\" \/>\n<meta property=\"og:site_name\" content=\"KROMLETX\" \/>\n<meta property=\"article:publisher\" content=\"https:\/\/www.facebook.com\/kromletx\/\" \/>\n<meta property=\"article:modified_time\" content=\"2022-06-15T11:33:05+00:00\" \/>\n<meta property=\"og:image\" content=\"http:\/\/kromletx.com\/wp-content\/uploads\/2022\/06\/PANO_20210927_105751-1-1024x64.jpg\" \/>\n<meta name=\"twitter:card\" content=\"summary_large_image\" \/>\n<meta name=\"twitter:site\" content=\"@kromletx1\" \/>\n<meta name=\"twitter:label1\" content=\"Tiempo de lectura\" \/>\n\t<meta name=\"twitter:data1\" content=\"1 minuto\" \/>\n<script type=\"application\/ld+json\" class=\"yoast-schema-graph\">{\"@context\":\"https:\/\/schema.org\",\"@graph\":[{\"@type\":\"WebPage\",\"@id\":\"https:\/\/kromletx.com\/index.php\/es\/kromletx-coop\/servicios-rulares\/jardineria\/podas\/\",\"url\":\"https:\/\/kromletx.com\/index.php\/es\/kromletx-coop\/servicios-rulares\/jardineria\/podas\/\",\"name\":\"PODAS - KROMLETX\",\"isPartOf\":{\"@id\":\"https:\/\/kromletx.com\/#website\"},\"datePublished\":\"2022-03-02T09:23:33+00:00\",\"dateModified\":\"2022-06-15T11:33:05+00:00\",\"description\":\"Poda de frutales o arbolado urbano en el Este de Araba, consulta nuetros servicios y precios disponibles en la web.\",\"breadcrumb\":{\"@id\":\"https:\/\/kromletx.com\/index.php\/es\/kromletx-coop\/servicios-rulares\/jardineria\/podas\/#breadcrumb\"},\"inLanguage\":\"es\",\"potentialAction\":[{\"@type\":\"ReadAction\",\"target\":[\"https:\/\/kromletx.com\/index.php\/es\/kromletx-coop\/servicios-rulares\/jardineria\/podas\/\"]}]},{\"@type\":\"BreadcrumbList\",\"@id\":\"https:\/\/kromletx.com\/index.php\/es\/kromletx-coop\/servicios-rulares\/jardineria\/podas\/#breadcrumb\",\"itemListElement\":[{\"@type\":\"ListItem\",\"position\":1,\"name\":\"Portada\",\"item\":\"https:\/\/kromletx.com\/\"},{\"@type\":\"ListItem\",\"position\":2,\"name\":\"KROMLETX, COOP. &#8211; Ing. Rural y Ambiental\",\"item\":\"https:\/\/kromletx.com\/index.php\/es\/kromletx-coop\/\"},{\"@type\":\"ListItem\",\"position\":3,\"name\":\"SERVICIOS RULARES\",\"item\":\"https:\/\/kromletx.com\/index.php\/es\/kromletx-coop\/servicios-rulares\/\"},{\"@type\":\"ListItem\",\"position\":4,\"name\":\"JARDINER\u00cdA\",\"item\":\"http:\/\/kromletx.com\/index.php\/es\/kromletx-coop\/servicios-rulares\/jardineria\/\"},{\"@type\":\"ListItem\",\"position\":5,\"name\":\"PODAS\"}]},{\"@type\":\"WebSite\",\"@id\":\"https:\/\/kromletx.com\/#website\",\"url\":\"https:\/\/kromletx.com\/\",\"name\":\"KROMLETX\",\"description\":\"\",\"publisher\":{\"@id\":\"https:\/\/kromletx.com\/#organization\"},\"potentialAction\":[{\"@type\":\"SearchAction\",\"target\":{\"@type\":\"EntryPoint\",\"urlTemplate\":\"https:\/\/kromletx.com\/?s={search_term_string}\"},\"query-input\":\"required name=search_term_string\"}],\"inLanguage\":\"es\"},{\"@type\":\"Organization\",\"@id\":\"https:\/\/kromletx.com\/#organization\",\"name\":\"Kromletx\",\"url\":\"https:\/\/kromletx.com\/\",\"logo\":{\"@type\":\"ImageObject\",\"inLanguage\":\"es\",\"@id\":\"https:\/\/kromletx.com\/#\/schema\/logo\/image\/\",\"url\":\"http:\/\/kromletx.com\/wp-content\/uploads\/2020\/08\/Kromletx_Koop-1.jpg\",\"contentUrl\":\"http:\/\/kromletx.com\/wp-content\/uploads\/2020\/08\/Kromletx_Koop-1.jpg\",\"width\":740,\"height\":271,\"caption\":\"Kromletx\"},\"image\":{\"@id\":\"https:\/\/kromletx.com\/#\/schema\/logo\/image\/\"},\"sameAs\":[\"https:\/\/www.facebook.com\/kromletx\/\",\"https:\/\/twitter.com\/kromletx1\",\"https:\/\/www.instagram.com\/kromletx_kooperatiba\/?hl=es\",\"https:\/\/www.linkedin.com\/company\/kromletx-koop--elk--txikia\/\",\"https:\/\/www.youtube.com\/channel\/UCUtli5vj-B7KdVvA9hDj2BA\"]}]}<\/script>\n<!-- \/ Yoast SEO plugin. -->","yoast_head_json":{"title":"PODAS - KROMLETX","description":"Poda de frutales o arbolado urbano en el Este de Araba, consulta nuetros servicios y precios disponibles en la web.","robots":{"index":"index","follow":"follow","max-snippet":"max-snippet:-1","max-image-preview":"max-image-preview:large","max-video-preview":"max-video-preview:-1"},"canonical":"https:\/\/kromletx.com\/index.php\/es\/kromletx-coop\/servicios-rulares\/jardineria\/podas\/","og_locale":"es_ES","og_type":"article","og_title":"PODAS - KROMLETX","og_description":"Poda de frutales o arbolado urbano en el Este de Araba, consulta nuetros servicios y precios disponibles en la web.","og_url":"https:\/\/kromletx.com\/index.php\/es\/kromletx-coop\/servicios-rulares\/jardineria\/podas\/","og_site_name":"KROMLETX","article_publisher":"https:\/\/www.facebook.com\/kromletx\/","article_modified_time":"2022-06-15T11:33:05+00:00","og_image":[{"url":"http:\/\/kromletx.com\/wp-content\/uploads\/2022\/06\/PANO_20210927_105751-1-1024x64.jpg"}],"twitter_card":"summary_large_image","twitter_site":"@kromletx1","twitter_misc":{"Tiempo de lectura":"1 minuto"},"schema":{"@context":"https:\/\/schema.org","@graph":[{"@type":"WebPage","@id":"https:\/\/kromletx.com\/index.php\/es\/kromletx-coop\/servicios-rulares\/jardineria\/podas\/","url":"https:\/\/kromletx.com\/index.php\/es\/kromletx-coop\/servicios-rulares\/jardineria\/podas\/","name":"PODAS - KROMLETX","isPartOf":{"@id":"https:\/\/kromletx.com\/#website"},"datePublished":"2022-03-02T09:23:33+00:00","dateModified":"2022-06-15T11:33:05+00:00","description":"Poda de frutales o arbolado urbano en el Este de Araba, consulta nuetros servicios y precios disponibles en la web.","breadcrumb":{"@id":"https:\/\/kromletx.com\/index.php\/es\/kromletx-coop\/servicios-rulares\/jardineria\/podas\/#breadcrumb"},"inLanguage":"es","potentialAction":[{"@type":"ReadAction","target":["https:\/\/kromletx.com\/index.php\/es\/kromletx-coop\/servicios-rulares\/jardineria\/podas\/"]}]},{"@type":"BreadcrumbList","@id":"https:\/\/kromletx.com\/index.php\/es\/kromletx-coop\/servicios-rulares\/jardineria\/podas\/#breadcrumb","itemListElement":[{"@type":"ListItem","position":1,"name":"Portada","item":"https:\/\/kromletx.com\/"},{"@type":"ListItem","position":2,"name":"KROMLETX, COOP. &#8211; Ing. Rural y Ambiental","item":"https:\/\/kromletx.com\/index.php\/es\/kromletx-coop\/"},{"@type":"ListItem","position":3,"name":"SERVICIOS RULARES","item":"https:\/\/kromletx.com\/index.php\/es\/kromletx-coop\/servicios-rulares\/"},{"@type":"ListItem","position":4,"name":"JARDINER\u00cdA","item":"http:\/\/kromletx.com\/index.php\/es\/kromletx-coop\/servicios-rulares\/jardineria\/"},{"@type":"ListItem","position":5,"name":"PODAS"}]},{"@type":"WebSite","@id":"https:\/\/kromletx.com\/#website","url":"https:\/\/kromletx.com\/","name":"KROMLETX","description":"","publisher":{"@id":"https:\/\/kromletx.com\/#organization"},"potentialAction":[{"@type":"SearchAction","target":{"@type":"EntryPoint","urlTemplate":"https:\/\/kromletx.com\/?s={search_term_string}"},"query-input":"required name=search_term_string"}],"inLanguage":"es"},{"@type":"Organization","@id":"https:\/\/kromletx.com\/#organization","name":"Kromletx","url":"https:\/\/kromletx.com\/","logo":{"@type":"ImageObject","inLanguage":"es","@id":"https:\/\/kromletx.com\/#\/schema\/logo\/image\/","url":"http:\/\/kromletx.com\/wp-content\/uploads\/2020\/08\/Kromletx_Koop-1.jpg","contentUrl":"http:\/\/kromletx.com\/wp-content\/uploads\/2020\/08\/Kromletx_Koop-1.jpg","width":740,"height":271,"caption":"Kromletx"},"image":{"@id":"https:\/\/kromletx.com\/#\/schema\/logo\/image\/"},"sameAs":["https:\/\/www.facebook.com\/kromletx\/","https:\/\/twitter.com\/kromletx1","https:\/\/www.instagram.com\/kromletx_kooperatiba\/?hl=es","https:\/\/www.linkedin.com\/company\/kromletx-koop--elk--txikia\/","https:\/\/www.youtube.com\/channel\/UCUtli5vj-B7KdVvA9hDj2BA"]}]}},"_links":{"self":[{"href":"https:\/\/kromletx.com\/index.php\/wp-json\/wp\/v2\/pages\/500"}],"collection":[{"href":"https:\/\/kromletx.com\/index.php\/wp-json\/wp\/v2\/pages"}],"about":[{"href":"https:\/\/kromletx.com\/index.php\/wp-json\/wp\/v2\/types\/page"}],"author":[{"embeddable":true,"href":"https:\/\/kromletx.com\/index.php\/wp-json\/wp\/v2\/users\/1"}],"replies":[{"embeddable":true,"href":"https:\/\/kromletx.com\/index.php\/wp-json\/wp\/v2\/comments?post=500"}],"version-history":[{"count":15,"href":"https:\/\/kromletx.com\/index.php\/wp-json\/wp\/v2\/pages\/500\/revisions"}],"predecessor-version":[{"id":1715,"href":"https:\/\/kromletx.com\/index.php\/wp-json\/wp\/v2\/pages\/500\/revisions\/1715"}],"up":[{"embeddable":true,"href":"https:\/\/kromletx.com\/index.php\/wp-json\/wp\/v2\/pages\/419"}],"wp:attachment":[{"href":"https:\/\/kromletx.com\/index.php\/wp-json\/wp\/v2\/media?parent=500"}],"curies":[{"name":"wp","href":"https:\/\/api.w.org\/{rel}","templated":true}]}}