{"id":520,"date":"2022-03-02T11:50:57","date_gmt":"2022-03-02T10:50:57","guid":{"rendered":"http:\/\/kromletx.com\/?page_id=520"},"modified":"2022-06-15T13:41:35","modified_gmt":"2022-06-15T11:41:35","slug":"ponis","status":"publish","type":"page","link":"https:\/\/kromletx.com\/index.php\/es\/kromletx-coop\/servicios-rulares\/jardineria\/ponis\/","title":{"rendered":"PONIS"},"content":{"rendered":"\n<figure class=\"wp-block-image alignfull size-large\"><img decoding=\"async\" loading=\"lazy\" width=\"1024\" height=\"64\" src=\"http:\/\/kromletx.com\/wp-content\/uploads\/2022\/06\/PANO_20210927_105751-1-1024x64.jpg\" alt=\"\" class=\"wp-image-1592\" srcset=\"https:\/\/kromletx.com\/wp-content\/uploads\/2022\/06\/PANO_20210927_105751-1-1024x64.jpg 1024w, https:\/\/kromletx.com\/wp-content\/uploads\/2022\/06\/PANO_20210927_105751-1-300x19.jpg 300w, https:\/\/kromletx.com\/wp-content\/uploads\/2022\/06\/PANO_20210927_105751-1-768x48.jpg 768w, https:\/\/kromletx.com\/wp-content\/uploads\/2022\/06\/PANO_20210927_105751-1-1536x96.jpg 1536w, https:\/\/kromletx.com\/wp-content\/uploads\/2022\/06\/PANO_20210927_105751-1-2048x128.jpg 2048w\" sizes=\"(max-width: 1024px) 100vw, 1024px\" \/><\/figure>\n\n\n\n<div class=\"wp-block-ive-ibtana-visual-editorheading\"><div class=\"ive-advanced-text-wrap ive-div-advance-text_aed5f1-fe undefined text-center text-md-center text-lg-center text-xl-center\"><h2 class=\"ive-heading-parent undefined ive-advanced-text-inner-wrap ive-adv-advance-text_aed5f1-fe ive-lh-xs-30 ive-lh-sm-30 ive-lh-md-30 ive-lh-lg-30 ive-lh-xl-30\" id=\"ive-adv-advance-text_aed5f1-fe\"><strong>Nuevo servicio &#8211; Cambia el consumo de gasolina de la maquinaria, por la gesti\u00f3n ecol\u00f3gica de las ponis.<\/strong><\/h2><\/div><\/div>\n\n\n<div class=\"wp-block-image\">\n<figure class=\"aligncenter size-large\"><img decoding=\"async\" loading=\"lazy\" width=\"1024\" height=\"376\" src=\"http:\/\/kromletx.com\/wp-content\/uploads\/2022\/03\/PONIS-e1646218478997-1024x376.jpg\" alt=\"\" class=\"wp-image-524\" srcset=\"https:\/\/kromletx.com\/wp-content\/uploads\/2022\/03\/PONIS-e1646218478997-1024x376.jpg 1024w, https:\/\/kromletx.com\/wp-content\/uploads\/2022\/03\/PONIS-e1646218478997-300x110.jpg 300w, https:\/\/kromletx.com\/wp-content\/uploads\/2022\/03\/PONIS-e1646218478997-768x282.jpg 768w, https:\/\/kromletx.com\/wp-content\/uploads\/2022\/03\/PONIS-e1646218478997.jpg 1067w\" sizes=\"(max-width: 1024px) 100vw, 1024px\" \/><\/figure><\/div>\n\n\n<div class=\"wp-block-ive-ibtana-visual-editorheading\"><div class=\"ive-advanced-text-wrap ive-div-advance-text_b47308-3d undefined text-center text-md-center text-lg-start text-xl-start\"><h3 class=\"ive-heading-parent undefined ive-advanced-text-inner-wrap ive-adv-advance-text_b47308-3d ive-lh-xs-30 ive-lh-sm-30 ive-lh-md-30 ive-lh-lg-30 ive-lh-xl-30\" id=\"ive-adv-advance-text_b47308-3d\">Ponemos en marcha, una t\u00e9cnica ancestral, que emplea ganado para realizar el mantenimiento de terrenos rurales y ajardinados. Empleando ponis, que son yeguas peque\u00f1as, desarrollamos nuevas t\u00e9cnicas para el mantenimiento de la hierba, que presentan diversas ventajas frente a las t\u00e9cnicas habituales.<\/h3><\/div><\/div>\n\n\n\n<div class=\"wp-block-ive-ibtana-visual-editorheading\"><div class=\"ive-advanced-text-wrap ive-div-advance-text_e0ac95-6a undefined text-center text-md-center text-lg-start text-xl-start\"><h2 class=\"ive-heading-parent undefined ive-advanced-text-inner-wrap ive-adv-advance-text_e0ac95-6a ive-lh-xs-30 ive-lh-sm-30 ive-lh-md-30 ive-lh-lg-30 ive-lh-xl-30\" id=\"ive-adv-advance-text_e0ac95-6a\">Ventajas:<\/h2><\/div><\/div>\n\n\n\n<div class=\"wp-block-ive-ibtana-visual-editorheading\"><div class=\"ive-advanced-text-wrap ive-div-advance-text_75ac18-70 undefined text-center text-md-center text-lg-start text-xl-start\"><h3 class=\"ive-heading-parent undefined ive-advanced-text-inner-wrap ive-adv-advance-text_75ac18-70 ive-lh-xs-30 ive-lh-sm-30 ive-lh-md-30 ive-lh-lg-30 ive-lh-xl-30\" id=\"ive-adv-advance-text_75ac18-70\">-Mejora y aceleraci\u00f3n del reciclaje de nutrientes, lo que mejora la salud del suelo y la hierba.<br>-La corta se realiza de manera m\u00e1s natural y continua en el tiempo, el efecto suele ser m\u00e1s duradero.<br>-Siendo los ponis yeguas peque\u00f1as, tienen la capacidad de comer malas hierbas, sin da\u00f1ar el arbolado.<br>-La relaci\u00f3n especial con animales y naturaleza.<br><br>&#8211;<strong>POR SI ESTO FUERA POCO, \u00a1\u00a1NUESTRAS PEQUE\u00d1AS PONIS SON M\u00c1S ECON\u00d3MICAS QUE LAS M\u00c1QUINAS!!<\/strong><\/h3><\/div><\/div>\n","protected":false},"excerpt":{"rendered":"","protected":false},"author":1,"featured_media":0,"parent":419,"menu_order":3,"comment_status":"closed","ping_status":"closed","template":"page-template\/ibtana-page-template.php","meta":{"_regular_price":[],"currency_symbol":[],"footnotes":""},"post_slider_layout_featured_media_urls":{"thumbnail":"","post_slider_layout_landscape_large":"","post_slider_layout_portrait_large":"","post_slider_layout_square_large":"","post_slider_layout_landscape":"","post_slider_layout_portrait":"","post_slider_layout_square":"","full":""},"yoast_head":"<!-- This site is optimized with the Yoast SEO plugin v21.2 - https:\/\/yoast.com\/wordpress\/plugins\/seo\/ -->\n<title>PONIS - KROMLETX<\/title>\n<meta name=\"description\" content=\"Nuevo servicio de Kromletx en Asparrena y su entorno. Cambia la gasolina de la maquinaria, por la gesti\u00f3n ecol\u00f3gica realizada con ponis.\" \/>\n<meta name=\"robots\" content=\"index, follow, max-snippet:-1, max-image-preview:large, max-video-preview:-1\" \/>\n<link rel=\"canonical\" href=\"https:\/\/kromletx.com\/index.php\/es\/kromletx-coop\/servicios-rulares\/jardineria\/ponis\/\" \/>\n<meta property=\"og:locale\" content=\"es_ES\" \/>\n<meta property=\"og:type\" content=\"article\" \/>\n<meta property=\"og:title\" content=\"PONIS - KROMLETX\" \/>\n<meta property=\"og:description\" content=\"Nuevo servicio de Kromletx en Asparrena y su entorno. Cambia la gasolina de la maquinaria, por la gesti\u00f3n ecol\u00f3gica realizada con ponis.\" \/>\n<meta property=\"og:url\" content=\"https:\/\/kromletx.com\/index.php\/es\/kromletx-coop\/servicios-rulares\/jardineria\/ponis\/\" \/>\n<meta property=\"og:site_name\" content=\"KROMLETX\" \/>\n<meta property=\"article:publisher\" content=\"https:\/\/www.facebook.com\/kromletx\/\" \/>\n<meta property=\"article:modified_time\" content=\"2022-06-15T11:41:35+00:00\" \/>\n<meta property=\"og:image\" content=\"http:\/\/kromletx.com\/wp-content\/uploads\/2022\/06\/PANO_20210927_105751-1-1024x64.jpg\" \/>\n<meta name=\"twitter:card\" content=\"summary_large_image\" \/>\n<meta name=\"twitter:site\" content=\"@kromletx1\" \/>\n<meta name=\"twitter:label1\" content=\"Tiempo de lectura\" \/>\n\t<meta name=\"twitter:data1\" content=\"2 minutos\" \/>\n<script type=\"application\/ld+json\" class=\"yoast-schema-graph\">{\"@context\":\"https:\/\/schema.org\",\"@graph\":[{\"@type\":\"WebPage\",\"@id\":\"https:\/\/kromletx.com\/index.php\/es\/kromletx-coop\/servicios-rulares\/jardineria\/ponis\/\",\"url\":\"https:\/\/kromletx.com\/index.php\/es\/kromletx-coop\/servicios-rulares\/jardineria\/ponis\/\",\"name\":\"PONIS - KROMLETX\",\"isPartOf\":{\"@id\":\"https:\/\/kromletx.com\/#website\"},\"datePublished\":\"2022-03-02T10:50:57+00:00\",\"dateModified\":\"2022-06-15T11:41:35+00:00\",\"description\":\"Nuevo servicio de Kromletx en Asparrena y su entorno. Cambia la gasolina de la maquinaria, por la gesti\u00f3n ecol\u00f3gica realizada con ponis.\",\"breadcrumb\":{\"@id\":\"https:\/\/kromletx.com\/index.php\/es\/kromletx-coop\/servicios-rulares\/jardineria\/ponis\/#breadcrumb\"},\"inLanguage\":\"es\",\"potentialAction\":[{\"@type\":\"ReadAction\",\"target\":[\"https:\/\/kromletx.com\/index.php\/es\/kromletx-coop\/servicios-rulares\/jardineria\/ponis\/\"]}]},{\"@type\":\"BreadcrumbList\",\"@id\":\"https:\/\/kromletx.com\/index.php\/es\/kromletx-coop\/servicios-rulares\/jardineria\/ponis\/#breadcrumb\",\"itemListElement\":[{\"@type\":\"ListItem\",\"position\":1,\"name\":\"Portada\",\"item\":\"https:\/\/kromletx.com\/\"},{\"@type\":\"ListItem\",\"position\":2,\"name\":\"KROMLETX, COOP. &#8211; Ing. Rural y Ambiental\",\"item\":\"https:\/\/kromletx.com\/index.php\/es\/kromletx-coop\/\"},{\"@type\":\"ListItem\",\"position\":3,\"name\":\"SERVICIOS RULARES\",\"item\":\"https:\/\/kromletx.com\/index.php\/es\/kromletx-coop\/servicios-rulares\/\"},{\"@type\":\"ListItem\",\"position\":4,\"name\":\"JARDINER\u00cdA\",\"item\":\"http:\/\/kromletx.com\/index.php\/es\/kromletx-coop\/servicios-rulares\/jardineria\/\"},{\"@type\":\"ListItem\",\"position\":5,\"name\":\"PONIS\"}]},{\"@type\":\"WebSite\",\"@id\":\"https:\/\/kromletx.com\/#website\",\"url\":\"https:\/\/kromletx.com\/\",\"name\":\"KROMLETX\",\"description\":\"\",\"publisher\":{\"@id\":\"https:\/\/kromletx.com\/#organization\"},\"potentialAction\":[{\"@type\":\"SearchAction\",\"target\":{\"@type\":\"EntryPoint\",\"urlTemplate\":\"https:\/\/kromletx.com\/?s={search_term_string}\"},\"query-input\":\"required name=search_term_string\"}],\"inLanguage\":\"es\"},{\"@type\":\"Organization\",\"@id\":\"https:\/\/kromletx.com\/#organization\",\"name\":\"Kromletx\",\"url\":\"https:\/\/kromletx.com\/\",\"logo\":{\"@type\":\"ImageObject\",\"inLanguage\":\"es\",\"@id\":\"https:\/\/kromletx.com\/#\/schema\/logo\/image\/\",\"url\":\"http:\/\/kromletx.com\/wp-content\/uploads\/2020\/08\/Kromletx_Koop-1.jpg\",\"contentUrl\":\"http:\/\/kromletx.com\/wp-content\/uploads\/2020\/08\/Kromletx_Koop-1.jpg\",\"width\":740,\"height\":271,\"caption\":\"Kromletx\"},\"image\":{\"@id\":\"https:\/\/kromletx.com\/#\/schema\/logo\/image\/\"},\"sameAs\":[\"https:\/\/www.facebook.com\/kromletx\/\",\"https:\/\/twitter.com\/kromletx1\",\"https:\/\/www.instagram.com\/kromletx_kooperatiba\/?hl=es\",\"https:\/\/www.linkedin.com\/company\/kromletx-koop--elk--txikia\/\",\"https:\/\/www.youtube.com\/channel\/UCUtli5vj-B7KdVvA9hDj2BA\"]}]}<\/script>\n<!-- \/ Yoast SEO plugin. -->","yoast_head_json":{"title":"PONIS - KROMLETX","description":"Nuevo servicio de Kromletx en Asparrena y su entorno. Cambia la gasolina de la maquinaria, por la gesti\u00f3n ecol\u00f3gica realizada con ponis.","robots":{"index":"index","follow":"follow","max-snippet":"max-snippet:-1","max-image-preview":"max-image-preview:large","max-video-preview":"max-video-preview:-1"},"canonical":"https:\/\/kromletx.com\/index.php\/es\/kromletx-coop\/servicios-rulares\/jardineria\/ponis\/","og_locale":"es_ES","og_type":"article","og_title":"PONIS - KROMLETX","og_description":"Nuevo servicio de Kromletx en Asparrena y su entorno. Cambia la gasolina de la maquinaria, por la gesti\u00f3n ecol\u00f3gica realizada con ponis.","og_url":"https:\/\/kromletx.com\/index.php\/es\/kromletx-coop\/servicios-rulares\/jardineria\/ponis\/","og_site_name":"KROMLETX","article_publisher":"https:\/\/www.facebook.com\/kromletx\/","article_modified_time":"2022-06-15T11:41:35+00:00","og_image":[{"url":"http:\/\/kromletx.com\/wp-content\/uploads\/2022\/06\/PANO_20210927_105751-1-1024x64.jpg"}],"twitter_card":"summary_large_image","twitter_site":"@kromletx1","twitter_misc":{"Tiempo de lectura":"2 minutos"},"schema":{"@context":"https:\/\/schema.org","@graph":[{"@type":"WebPage","@id":"https:\/\/kromletx.com\/index.php\/es\/kromletx-coop\/servicios-rulares\/jardineria\/ponis\/","url":"https:\/\/kromletx.com\/index.php\/es\/kromletx-coop\/servicios-rulares\/jardineria\/ponis\/","name":"PONIS - KROMLETX","isPartOf":{"@id":"https:\/\/kromletx.com\/#website"},"datePublished":"2022-03-02T10:50:57+00:00","dateModified":"2022-06-15T11:41:35+00:00","description":"Nuevo servicio de Kromletx en Asparrena y su entorno. Cambia la gasolina de la maquinaria, por la gesti\u00f3n ecol\u00f3gica realizada con ponis.","breadcrumb":{"@id":"https:\/\/kromletx.com\/index.php\/es\/kromletx-coop\/servicios-rulares\/jardineria\/ponis\/#breadcrumb"},"inLanguage":"es","potentialAction":[{"@type":"ReadAction","target":["https:\/\/kromletx.com\/index.php\/es\/kromletx-coop\/servicios-rulares\/jardineria\/ponis\/"]}]},{"@type":"BreadcrumbList","@id":"https:\/\/kromletx.com\/index.php\/es\/kromletx-coop\/servicios-rulares\/jardineria\/ponis\/#breadcrumb","itemListElement":[{"@type":"ListItem","position":1,"name":"Portada","item":"https:\/\/kromletx.com\/"},{"@type":"ListItem","position":2,"name":"KROMLETX, COOP. &#8211; Ing. Rural y Ambiental","item":"https:\/\/kromletx.com\/index.php\/es\/kromletx-coop\/"},{"@type":"ListItem","position":3,"name":"SERVICIOS RULARES","item":"https:\/\/kromletx.com\/index.php\/es\/kromletx-coop\/servicios-rulares\/"},{"@type":"ListItem","position":4,"name":"JARDINER\u00cdA","item":"http:\/\/kromletx.com\/index.php\/es\/kromletx-coop\/servicios-rulares\/jardineria\/"},{"@type":"ListItem","position":5,"name":"PONIS"}]},{"@type":"WebSite","@id":"https:\/\/kromletx.com\/#website","url":"https:\/\/kromletx.com\/","name":"KROMLETX","description":"","publisher":{"@id":"https:\/\/kromletx.com\/#organization"},"potentialAction":[{"@type":"SearchAction","target":{"@type":"EntryPoint","urlTemplate":"https:\/\/kromletx.com\/?s={search_term_string}"},"query-input":"required name=search_term_string"}],"inLanguage":"es"},{"@type":"Organization","@id":"https:\/\/kromletx.com\/#organization","name":"Kromletx","url":"https:\/\/kromletx.com\/","logo":{"@type":"ImageObject","inLanguage":"es","@id":"https:\/\/kromletx.com\/#\/schema\/logo\/image\/","url":"http:\/\/kromletx.com\/wp-content\/uploads\/2020\/08\/Kromletx_Koop-1.jpg","contentUrl":"http:\/\/kromletx.com\/wp-content\/uploads\/2020\/08\/Kromletx_Koop-1.jpg","width":740,"height":271,"caption":"Kromletx"},"image":{"@id":"https:\/\/kromletx.com\/#\/schema\/logo\/image\/"},"sameAs":["https:\/\/www.facebook.com\/kromletx\/","https:\/\/twitter.com\/kromletx1","https:\/\/www.instagram.com\/kromletx_kooperatiba\/?hl=es","https:\/\/www.linkedin.com\/company\/kromletx-koop--elk--txikia\/","https:\/\/www.youtube.com\/channel\/UCUtli5vj-B7KdVvA9hDj2BA"]}]}},"_links":{"self":[{"href":"https:\/\/kromletx.com\/index.php\/wp-json\/wp\/v2\/pages\/520"}],"collection":[{"href":"https:\/\/kromletx.com\/index.php\/wp-json\/wp\/v2\/pages"}],"about":[{"href":"https:\/\/kromletx.com\/index.php\/wp-json\/wp\/v2\/types\/page"}],"author":[{"embeddable":true,"href":"https:\/\/kromletx.com\/index.php\/wp-json\/wp\/v2\/users\/1"}],"replies":[{"embeddable":true,"href":"https:\/\/kromletx.com\/index.php\/wp-json\/wp\/v2\/comments?post=520"}],"version-history":[{"count":11,"href":"https:\/\/kromletx.com\/index.php\/wp-json\/wp\/v2\/pages\/520\/revisions"}],"predecessor-version":[{"id":1727,"href":"https:\/\/kromletx.com\/index.php\/wp-json\/wp\/v2\/pages\/520\/revisions\/1727"}],"up":[{"embeddable":true,"href":"https:\/\/kromletx.com\/index.php\/wp-json\/wp\/v2\/pages\/419"}],"wp:attachment":[{"href":"https:\/\/kromletx.com\/index.php\/wp-json\/wp\/v2\/media?parent=520"}],"curies":[{"name":"wp","href":"https:\/\/api.w.org\/{rel}","templated":true}]}}