{"id":530,"date":"2022-03-02T12:19:03","date_gmt":"2022-03-02T11:19:03","guid":{"rendered":"http:\/\/kromletx.com\/?page_id=530"},"modified":"2022-06-15T13:56:10","modified_gmt":"2022-06-15T11:56:10","slug":"conocenos","status":"publish","type":"page","link":"https:\/\/kromletx.com\/index.php\/es\/kromletx-coop\/conocenos\/","title":{"rendered":"CON\u00d3CENOS"},"content":{"rendered":"\n<figure class=\"wp-block-image alignfull size-large\"><img decoding=\"async\" loading=\"lazy\" width=\"1024\" height=\"64\" src=\"http:\/\/kromletx.com\/wp-content\/uploads\/2022\/06\/PANO_20210927_105751-1-1024x64.jpg\" alt=\"\" class=\"wp-image-1592\" srcset=\"https:\/\/kromletx.com\/wp-content\/uploads\/2022\/06\/PANO_20210927_105751-1-1024x64.jpg 1024w, https:\/\/kromletx.com\/wp-content\/uploads\/2022\/06\/PANO_20210927_105751-1-300x19.jpg 300w, https:\/\/kromletx.com\/wp-content\/uploads\/2022\/06\/PANO_20210927_105751-1-768x48.jpg 768w, https:\/\/kromletx.com\/wp-content\/uploads\/2022\/06\/PANO_20210927_105751-1-1536x96.jpg 1536w, https:\/\/kromletx.com\/wp-content\/uploads\/2022\/06\/PANO_20210927_105751-1-2048x128.jpg 2048w\" sizes=\"(max-width: 1024px) 100vw, 1024px\" \/><\/figure>\n\n\n\n<div class=\"wp-block-ive-ibtana-visual-editorheading\"><div class=\"ive-advanced-text-wrap ive-div-advance-text_7cac14-67 undefined text-center text-md-center text-lg-start text-xl-start\"><h3 class=\"ive-heading-parent undefined ive-advanced-text-inner-wrap ive-adv-advance-text_7cac14-67 ive-lh-xs-30 ive-lh-sm-30 ive-lh-md-30 ive-lh-lg-30 ive-lh-xl-30\" id=\"ive-adv-advance-text_7cac14-67\">La Sociedad Cooperativa Peque\u00f1a <strong>KROMLETX<\/strong>, surge en el a\u00f1o 2013 en Araia- Asparrena (\u00c1lava). Desde su fundaci\u00f3n, el objetivo principal es el de combinar diversos enfoques cient\u00edfico-t\u00e9cnicos, en el campo de la naturaleza y el medio ambiente, poniendo en pr\u00e1ctica los conocimientos adquiridos a diario, con actuaciones concretas que buscan la mejora del entorno natural y sociocultural.<br><br>La apuesta por el modelo de cooperativa, refleja la confianza en la econom\u00eda social alternativa, siendo las personas y su desarrollo (econ\u00f3mico, social, intelectual&#8230;), el pilar central de la empresa. As\u00ed mismo, la naturaleza y el medio ambiente, son una aut\u00e9ntica pasi\u00f3n para las personas que forman Kromletx, lo que permite abarcar una amplia gama de trabajos y servicios profesionales relacionados con el medio rural y natural.<br><br>Te animamos a seguir inform\u00e1ndote de los servicios ofrecidos por la cooperativa Kromletx en la web y redes sociales.<\/h3><\/div><\/div>\n\n\n\n<div class=\"wp-block-ive-ibtana-visual-editorheading\"><div class=\"ive-advanced-text-wrap ive-div-advance-text_acbc61-a4 undefined text-center text-md-center text-lg-start text-xl-start\"><h2 class=\"ive-heading-parent undefined ive-advanced-text-inner-wrap ive-adv-advance-text_acbc61-a4 ive-lh-xs-30 ive-lh-sm-30 ive-lh-md-30 ive-lh-lg-30 ive-lh-xl-30\" id=\"ive-adv-advance-text_acbc61-a4\">Equipo actual:<\/h2><\/div><\/div>\n\n\n\n<div class=\"wp-block-columns is-layout-flex wp-container-3 wp-block-columns-is-layout-flex\">\n<div class=\"wp-block-column is-layout-flow wp-block-column-is-layout-flow\"><div class=\"wp-block-image is-style-rounded\">\n<figure class=\"aligncenter size-full is-resized\"><img decoding=\"async\" loading=\"lazy\" src=\"http:\/\/kromletx.com\/wp-content\/uploads\/2022\/03\/IMG_5428-scaled.jpg\" alt=\"\" class=\"wp-image-546\" width=\"300\" height=\"200\"\/><\/figure><\/div>\n\n\n<div class=\"wp-block-ive-ibtana-visual-editorheading\"><div class=\"ive-advanced-text-wrap ive-div-advance-text_03e0cc-d6 undefined text-center text-md-center text-lg-center text-xl-center\"><h2 class=\"ive-heading-parent undefined ive-advanced-text-inner-wrap ive-adv-advance-text_03e0cc-d6 ive-lh-xs-30 ive-lh-sm-30 ive-lh-md-30 ive-lh-lg-30 ive-lh-xl-30\" id=\"ive-adv-advance-text_03e0cc-d6\"><strong>Alba Mu\u00f1oz Vicario<\/strong><br>Lic. en Medio Ambiente<\/h2><\/div><\/div>\n<\/div>\n\n\n\n<div class=\"wp-block-column is-layout-flow wp-block-column-is-layout-flow\"><div class=\"wp-block-image is-style-rounded\">\n<figure class=\"aligncenter size-large is-resized\"><img decoding=\"async\" loading=\"lazy\" src=\"http:\/\/kromletx.com\/wp-content\/uploads\/2022\/03\/IMG_5416-1024x683.jpg\" alt=\"\" class=\"wp-image-547\" width=\"300\" height=\"200\" srcset=\"https:\/\/kromletx.com\/wp-content\/uploads\/2022\/03\/IMG_5416-1024x683.jpg 1024w, https:\/\/kromletx.com\/wp-content\/uploads\/2022\/03\/IMG_5416-300x200.jpg 300w, https:\/\/kromletx.com\/wp-content\/uploads\/2022\/03\/IMG_5416-768x512.jpg 768w, https:\/\/kromletx.com\/wp-content\/uploads\/2022\/03\/IMG_5416-1536x1024.jpg 1536w, https:\/\/kromletx.com\/wp-content\/uploads\/2022\/03\/IMG_5416-2048x1365.jpg 2048w, https:\/\/kromletx.com\/wp-content\/uploads\/2022\/03\/IMG_5416-1200x800.jpg 1200w, https:\/\/kromletx.com\/wp-content\/uploads\/2022\/03\/IMG_5416-600x400.jpg 600w\" sizes=\"(max-width: 300px) 100vw, 300px\" \/><\/figure><\/div>\n\n\n<div class=\"wp-block-ive-ibtana-visual-editorheading\"><div class=\"ive-advanced-text-wrap ive-div-advance-text_5f9a15-d7 undefined text-center text-md-center text-lg-center text-xl-center\"><h2 class=\"ive-heading-parent undefined ive-advanced-text-inner-wrap ive-adv-advance-text_5f9a15-d7 ive-lh-xs-30 ive-lh-sm-30 ive-lh-md-30 ive-lh-lg-30 ive-lh-xl-30\" id=\"ive-adv-advance-text_5f9a15-d7\"><strong>Arkaitz Gobantes Bernal<\/strong><br>Ingeniero de Montes<br>Ing. T\u00e9cnico Agr\u00edcola<\/h2><\/div><\/div>\n<\/div>\n<\/div>\n\n\n<div class=\"wp-block-image is-style-default\">\n<figure class=\"aligncenter size-large is-resized\"><img decoding=\"async\" loading=\"lazy\" src=\"http:\/\/kromletx.com\/wp-content\/uploads\/2022\/03\/Logo_1-1024x390.jpeg\" alt=\"\" class=\"wp-image-534\" width=\"768\" height=\"293\" srcset=\"https:\/\/kromletx.com\/wp-content\/uploads\/2022\/03\/Logo_1-1024x390.jpeg 1024w, https:\/\/kromletx.com\/wp-content\/uploads\/2022\/03\/Logo_1-300x114.jpeg 300w, https:\/\/kromletx.com\/wp-content\/uploads\/2022\/03\/Logo_1-768x292.jpeg 768w, https:\/\/kromletx.com\/wp-content\/uploads\/2022\/03\/Logo_1-1536x584.jpeg 1536w, https:\/\/kromletx.com\/wp-content\/uploads\/2022\/03\/Logo_1.jpeg 1677w\" sizes=\"(max-width: 768px) 100vw, 768px\" \/><\/figure><\/div>","protected":false},"excerpt":{"rendered":"","protected":false},"author":1,"featured_media":0,"parent":195,"menu_order":2,"comment_status":"closed","ping_status":"closed","template":"page-template\/ibtana-page-template.php","meta":{"_regular_price":[],"currency_symbol":[],"footnotes":""},"post_slider_layout_featured_media_urls":{"thumbnail":"","post_slider_layout_landscape_large":"","post_slider_layout_portrait_large":"","post_slider_layout_square_large":"","post_slider_layout_landscape":"","post_slider_layout_portrait":"","post_slider_layout_square":"","full":""},"yoast_head":"<!-- This site is optimized with the Yoast SEO plugin v21.2 - https:\/\/yoast.com\/wordpress\/plugins\/seo\/ -->\n<title>CON\u00d3CENOS - KROMLETX<\/title>\n<meta name=\"description\" content=\"Conoce mejor la cooperativa Kromletx y su equipo t\u00e9cnico. Ubiacada en Araia - Asparrena (\u00c1lava), abarca una amplia gama de servivios naturales\" \/>\n<meta name=\"robots\" content=\"index, follow, max-snippet:-1, max-image-preview:large, max-video-preview:-1\" \/>\n<link rel=\"canonical\" href=\"https:\/\/kromletx.com\/index.php\/es\/kromletx-coop\/conocenos\/\" \/>\n<meta property=\"og:locale\" content=\"es_ES\" \/>\n<meta property=\"og:type\" content=\"article\" \/>\n<meta property=\"og:title\" content=\"CON\u00d3CENOS - KROMLETX\" \/>\n<meta property=\"og:description\" content=\"Conoce mejor la cooperativa Kromletx y su equipo t\u00e9cnico. Ubiacada en Araia - Asparrena (\u00c1lava), abarca una amplia gama de servivios naturales\" \/>\n<meta property=\"og:url\" content=\"https:\/\/kromletx.com\/index.php\/es\/kromletx-coop\/conocenos\/\" \/>\n<meta property=\"og:site_name\" content=\"KROMLETX\" \/>\n<meta property=\"article:publisher\" content=\"https:\/\/www.facebook.com\/kromletx\/\" \/>\n<meta property=\"article:modified_time\" content=\"2022-06-15T11:56:10+00:00\" \/>\n<meta property=\"og:image\" content=\"http:\/\/kromletx.com\/wp-content\/uploads\/2022\/06\/PANO_20210927_105751-1-1024x64.jpg\" \/>\n<meta name=\"twitter:card\" content=\"summary_large_image\" \/>\n<meta name=\"twitter:site\" content=\"@kromletx1\" \/>\n<meta name=\"twitter:label1\" content=\"Tiempo de lectura\" \/>\n\t<meta name=\"twitter:data1\" content=\"2 minutos\" \/>\n<script type=\"application\/ld+json\" class=\"yoast-schema-graph\">{\"@context\":\"https:\/\/schema.org\",\"@graph\":[{\"@type\":\"WebPage\",\"@id\":\"https:\/\/kromletx.com\/index.php\/es\/kromletx-coop\/conocenos\/\",\"url\":\"https:\/\/kromletx.com\/index.php\/es\/kromletx-coop\/conocenos\/\",\"name\":\"CON\u00d3CENOS - KROMLETX\",\"isPartOf\":{\"@id\":\"https:\/\/kromletx.com\/#website\"},\"datePublished\":\"2022-03-02T11:19:03+00:00\",\"dateModified\":\"2022-06-15T11:56:10+00:00\",\"description\":\"Conoce mejor la cooperativa Kromletx y su equipo t\u00e9cnico. Ubiacada en Araia - Asparrena (\u00c1lava), abarca una amplia gama de servivios naturales\",\"breadcrumb\":{\"@id\":\"https:\/\/kromletx.com\/index.php\/es\/kromletx-coop\/conocenos\/#breadcrumb\"},\"inLanguage\":\"es\",\"potentialAction\":[{\"@type\":\"ReadAction\",\"target\":[\"https:\/\/kromletx.com\/index.php\/es\/kromletx-coop\/conocenos\/\"]}]},{\"@type\":\"BreadcrumbList\",\"@id\":\"https:\/\/kromletx.com\/index.php\/es\/kromletx-coop\/conocenos\/#breadcrumb\",\"itemListElement\":[{\"@type\":\"ListItem\",\"position\":1,\"name\":\"Portada\",\"item\":\"https:\/\/kromletx.com\/\"},{\"@type\":\"ListItem\",\"position\":2,\"name\":\"KROMLETX, COOP. &#8211; Ing. Rural y Ambiental\",\"item\":\"https:\/\/kromletx.com\/index.php\/es\/kromletx-coop\/\"},{\"@type\":\"ListItem\",\"position\":3,\"name\":\"CON\u00d3CENOS\"}]},{\"@type\":\"WebSite\",\"@id\":\"https:\/\/kromletx.com\/#website\",\"url\":\"https:\/\/kromletx.com\/\",\"name\":\"KROMLETX\",\"description\":\"\",\"publisher\":{\"@id\":\"https:\/\/kromletx.com\/#organization\"},\"potentialAction\":[{\"@type\":\"SearchAction\",\"target\":{\"@type\":\"EntryPoint\",\"urlTemplate\":\"https:\/\/kromletx.com\/?s={search_term_string}\"},\"query-input\":\"required name=search_term_string\"}],\"inLanguage\":\"es\"},{\"@type\":\"Organization\",\"@id\":\"https:\/\/kromletx.com\/#organization\",\"name\":\"Kromletx\",\"url\":\"https:\/\/kromletx.com\/\",\"logo\":{\"@type\":\"ImageObject\",\"inLanguage\":\"es\",\"@id\":\"https:\/\/kromletx.com\/#\/schema\/logo\/image\/\",\"url\":\"http:\/\/kromletx.com\/wp-content\/uploads\/2020\/08\/Kromletx_Koop-1.jpg\",\"contentUrl\":\"http:\/\/kromletx.com\/wp-content\/uploads\/2020\/08\/Kromletx_Koop-1.jpg\",\"width\":740,\"height\":271,\"caption\":\"Kromletx\"},\"image\":{\"@id\":\"https:\/\/kromletx.com\/#\/schema\/logo\/image\/\"},\"sameAs\":[\"https:\/\/www.facebook.com\/kromletx\/\",\"https:\/\/twitter.com\/kromletx1\",\"https:\/\/www.instagram.com\/kromletx_kooperatiba\/?hl=es\",\"https:\/\/www.linkedin.com\/company\/kromletx-koop--elk--txikia\/\",\"https:\/\/www.youtube.com\/channel\/UCUtli5vj-B7KdVvA9hDj2BA\"]}]}<\/script>\n<!-- \/ Yoast SEO plugin. -->","yoast_head_json":{"title":"CON\u00d3CENOS - KROMLETX","description":"Conoce mejor la cooperativa Kromletx y su equipo t\u00e9cnico. Ubiacada en Araia - Asparrena (\u00c1lava), abarca una amplia gama de servivios naturales","robots":{"index":"index","follow":"follow","max-snippet":"max-snippet:-1","max-image-preview":"max-image-preview:large","max-video-preview":"max-video-preview:-1"},"canonical":"https:\/\/kromletx.com\/index.php\/es\/kromletx-coop\/conocenos\/","og_locale":"es_ES","og_type":"article","og_title":"CON\u00d3CENOS - KROMLETX","og_description":"Conoce mejor la cooperativa Kromletx y su equipo t\u00e9cnico. Ubiacada en Araia - Asparrena (\u00c1lava), abarca una amplia gama de servivios naturales","og_url":"https:\/\/kromletx.com\/index.php\/es\/kromletx-coop\/conocenos\/","og_site_name":"KROMLETX","article_publisher":"https:\/\/www.facebook.com\/kromletx\/","article_modified_time":"2022-06-15T11:56:10+00:00","og_image":[{"url":"http:\/\/kromletx.com\/wp-content\/uploads\/2022\/06\/PANO_20210927_105751-1-1024x64.jpg"}],"twitter_card":"summary_large_image","twitter_site":"@kromletx1","twitter_misc":{"Tiempo de lectura":"2 minutos"},"schema":{"@context":"https:\/\/schema.org","@graph":[{"@type":"WebPage","@id":"https:\/\/kromletx.com\/index.php\/es\/kromletx-coop\/conocenos\/","url":"https:\/\/kromletx.com\/index.php\/es\/kromletx-coop\/conocenos\/","name":"CON\u00d3CENOS - KROMLETX","isPartOf":{"@id":"https:\/\/kromletx.com\/#website"},"datePublished":"2022-03-02T11:19:03+00:00","dateModified":"2022-06-15T11:56:10+00:00","description":"Conoce mejor la cooperativa Kromletx y su equipo t\u00e9cnico. Ubiacada en Araia - Asparrena (\u00c1lava), abarca una amplia gama de servivios naturales","breadcrumb":{"@id":"https:\/\/kromletx.com\/index.php\/es\/kromletx-coop\/conocenos\/#breadcrumb"},"inLanguage":"es","potentialAction":[{"@type":"ReadAction","target":["https:\/\/kromletx.com\/index.php\/es\/kromletx-coop\/conocenos\/"]}]},{"@type":"BreadcrumbList","@id":"https:\/\/kromletx.com\/index.php\/es\/kromletx-coop\/conocenos\/#breadcrumb","itemListElement":[{"@type":"ListItem","position":1,"name":"Portada","item":"https:\/\/kromletx.com\/"},{"@type":"ListItem","position":2,"name":"KROMLETX, COOP. &#8211; Ing. Rural y Ambiental","item":"https:\/\/kromletx.com\/index.php\/es\/kromletx-coop\/"},{"@type":"ListItem","position":3,"name":"CON\u00d3CENOS"}]},{"@type":"WebSite","@id":"https:\/\/kromletx.com\/#website","url":"https:\/\/kromletx.com\/","name":"KROMLETX","description":"","publisher":{"@id":"https:\/\/kromletx.com\/#organization"},"potentialAction":[{"@type":"SearchAction","target":{"@type":"EntryPoint","urlTemplate":"https:\/\/kromletx.com\/?s={search_term_string}"},"query-input":"required name=search_term_string"}],"inLanguage":"es"},{"@type":"Organization","@id":"https:\/\/kromletx.com\/#organization","name":"Kromletx","url":"https:\/\/kromletx.com\/","logo":{"@type":"ImageObject","inLanguage":"es","@id":"https:\/\/kromletx.com\/#\/schema\/logo\/image\/","url":"http:\/\/kromletx.com\/wp-content\/uploads\/2020\/08\/Kromletx_Koop-1.jpg","contentUrl":"http:\/\/kromletx.com\/wp-content\/uploads\/2020\/08\/Kromletx_Koop-1.jpg","width":740,"height":271,"caption":"Kromletx"},"image":{"@id":"https:\/\/kromletx.com\/#\/schema\/logo\/image\/"},"sameAs":["https:\/\/www.facebook.com\/kromletx\/","https:\/\/twitter.com\/kromletx1","https:\/\/www.instagram.com\/kromletx_kooperatiba\/?hl=es","https:\/\/www.linkedin.com\/company\/kromletx-koop--elk--txikia\/","https:\/\/www.youtube.com\/channel\/UCUtli5vj-B7KdVvA9hDj2BA"]}]}},"_links":{"self":[{"href":"https:\/\/kromletx.com\/index.php\/wp-json\/wp\/v2\/pages\/530"}],"collection":[{"href":"https:\/\/kromletx.com\/index.php\/wp-json\/wp\/v2\/pages"}],"about":[{"href":"https:\/\/kromletx.com\/index.php\/wp-json\/wp\/v2\/types\/page"}],"author":[{"embeddable":true,"href":"https:\/\/kromletx.com\/index.php\/wp-json\/wp\/v2\/users\/1"}],"replies":[{"embeddable":true,"href":"https:\/\/kromletx.com\/index.php\/wp-json\/wp\/v2\/comments?post=530"}],"version-history":[{"count":26,"href":"https:\/\/kromletx.com\/index.php\/wp-json\/wp\/v2\/pages\/530\/revisions"}],"predecessor-version":[{"id":1776,"href":"https:\/\/kromletx.com\/index.php\/wp-json\/wp\/v2\/pages\/530\/revisions\/1776"}],"up":[{"embeddable":true,"href":"https:\/\/kromletx.com\/index.php\/wp-json\/wp\/v2\/pages\/195"}],"wp:attachment":[{"href":"https:\/\/kromletx.com\/index.php\/wp-json\/wp\/v2\/media?parent=530"}],"curies":[{"name":"wp","href":"https:\/\/api.w.org\/{rel}","templated":true}]}}