{"id":620,"date":"2022-03-03T17:48:19","date_gmt":"2022-03-03T16:48:19","guid":{"rendered":"http:\/\/kromletx.com\/?page_id=620"},"modified":"2022-06-15T13:40:10","modified_gmt":"2022-06-15T11:40:10","slug":"servicios-tecnicos","status":"publish","type":"page","link":"https:\/\/kromletx.com\/index.php\/es\/kromletx-coop\/servicios-tecnicos\/","title":{"rendered":"SERVICIOS T\u00c9CNICOS"},"content":{"rendered":"\n<figure class=\"wp-block-image alignfull size-large\"><img decoding=\"async\" loading=\"lazy\" width=\"1024\" height=\"64\" src=\"http:\/\/kromletx.com\/wp-content\/uploads\/2022\/06\/PANO_20210927_105751-1-1024x64.jpg\" alt=\"\" class=\"wp-image-1592\" srcset=\"https:\/\/kromletx.com\/wp-content\/uploads\/2022\/06\/PANO_20210927_105751-1-1024x64.jpg 1024w, https:\/\/kromletx.com\/wp-content\/uploads\/2022\/06\/PANO_20210927_105751-1-300x19.jpg 300w, https:\/\/kromletx.com\/wp-content\/uploads\/2022\/06\/PANO_20210927_105751-1-768x48.jpg 768w, https:\/\/kromletx.com\/wp-content\/uploads\/2022\/06\/PANO_20210927_105751-1-1536x96.jpg 1536w, https:\/\/kromletx.com\/wp-content\/uploads\/2022\/06\/PANO_20210927_105751-1-2048x128.jpg 2048w\" sizes=\"(max-width: 1024px) 100vw, 1024px\" \/><\/figure>\n\n\n\n<div style=\"height:10px\" aria-hidden=\"true\" class=\"wp-block-spacer\"><\/div>\n\n\n\n<div class=\"wp-block-ive-ibtana-visual-editorheading\"><div class=\"ive-advanced-text-wrap ive-div-advance-text_04e6c0-cf undefined text-center text-md-center text-lg-center text-xl-center\"><h2 class=\"ive-heading-parent undefined ive-advanced-text-inner-wrap ive-adv-advance-text_04e6c0-cf ive-lh-xs-30 ive-lh-sm-30 ive-lh-md-30 ive-lh-lg-30 ive-lh-xl-50\" id=\"ive-adv-advance-text_04e6c0-cf\">ASESOR\u00cdA AMBIENTAL y RURAL<\/h2><\/div><\/div>\n\n\n\n<div class=\"wp-block-group alignwide vw-gardening-landscaping our-expertise my-5 mx-0 is-layout-flow wp-block-group-is-layout-flow\"><div class=\"wp-block-group__inner-container\">\n<div class=\"wp-block-ive-ibtana-visual-editorheading\"><div class=\"ive-advanced-text-wrap ive-div-advance-text_099b8e-be undefined text-center text-md-center text-lg-center text-xl-center\"><h2 class=\"ive-heading-parent undefined ive-advanced-text-inner-wrap ive-adv-advance-text_099b8e-be ive-lh-xs-30 ive-lh-sm-30 ive-lh-md-30 ive-lh-lg-30 ive-lh-xl-30\" id=\"ive-adv-advance-text_099b8e-be\"><br>our expertise<\/h2><\/div><\/div>\n\n\n\n<div class=\"wp-block-columns alignwide vw-gardening-landscaping service-col mx-md-5 mx-0 is-layout-flex wp-container-4 wp-block-columns-is-layout-flex\">\n<div class=\"wp-block-column vw-gardening-landscaping expertise-col p-4 mb-5 is-layout-flow wp-block-column-is-layout-flow\"><div class=\"wp-block-image text-center is-style-rounded\">\n<figure class=\"aligncenter size-full is-resized\"><a href=\"http:\/\/kromletx.com\/index.php\/es\/kromletx-coop\/servicios-tecnicos\/proyectos-ambientales\/\"><img decoding=\"async\" loading=\"lazy\" src=\"http:\/\/kromletx.com\/wp-content\/uploads\/2022\/03\/AMILOTXA.jpg\" alt=\"\" class=\"wp-image-635\" width=\"148\" height=\"123\"\/><\/a><\/figure><\/div>\n\n\n<div class=\"wp-block-ive-ibtana-visual-editorheading\"><div class=\"ive-advanced-text-wrap ive-div-advance-text_484caa-d5 undefined text-center text-md-center text-lg-center text-xl-center\"><h3 class=\"ive-heading-parent undefined ive-advanced-text-inner-wrap ive-adv-advance-text_484caa-d5 ive-lh-xs-30 ive-lh-sm-30 ive-lh-md-30 ive-lh-lg-30 ive-lh-xl-30\" id=\"ive-adv-advance-text_484caa-d5\">pROYECTOS AMBIENTALES<\/h3><\/div><\/div>\n\n\n\n<div class=\"wp-block-ive-ibtana-visual-editorheading\"><div class=\"ive-advanced-text-wrap ive-div-advance-text_7c4e00-5d undefined text-center text-md-center text-lg-center text-xl-center\"><p class=\"ive-heading-parent undefined ive-advanced-text-inner-wrap ive-adv-advance-text_7c4e00-5d ive-lh-xs-30 ive-lh-sm-30 ive-lh-md-30 ive-lh-lg-30 ive-lh-xl-30\" id=\"ive-adv-advance-text_7c4e00-5d\">Bioingenier\u00eda, Compostaje, Flora y Fauna, Sensibilizaci\u00f3n Ambiental&#8230;<\/p><\/div><\/div>\n\n\n\n<div class=\"wp-block-ive-ibtana-visual-editorbtn btn-inner-wrap ive-btn-main-parent_885ef7-c1 vw-gardening-landscaping our-expertise-btn text-center\"><div class=\"ive-btn-wrap ive-btn-unique_885ef7-c1 undefined ive-btn-wrap-0 ive-btn-align  text-center text-sm-left text-lg-center text-xl-center \"><a class=\"anchrstyle ive-button-ad_885ef7-c1 ive-button-0 ive-btn-0-action ive-btn-svg-showalways ive-btn-has-text-true\" href=\"http:\/\/kromletx.com\/index.php\/es\/kromletx-coop\/servicios-tecnicos\/proyectos-ambientales\/\" target=\"_self\" rel=\"noreferrer noopener\"><span class=\"ive-btn-inner-text\">Seguir leyendo<\/span><\/a><\/div><\/div>\n<\/div>\n\n\n\n<div class=\"wp-block-column vw-gardening-landscaping expertise-col p-4 mb-5 is-layout-flow wp-block-column-is-layout-flow\"><div class=\"wp-block-image text-center is-style-rounded\">\n<figure class=\"aligncenter size-full is-resized\"><a href=\"http:\/\/kromletx.com\/index.php\/es\/kromletx-coop\/servicios-tecnicos\/proyectos-rurales\/\"><img decoding=\"async\" loading=\"lazy\" src=\"http:\/\/kromletx.com\/wp-content\/uploads\/2022\/03\/istockphoto-935338860-612x612A.jpg\" alt=\"\" class=\"wp-image-636\" width=\"165\" height=\"124\"\/><\/a><\/figure><\/div>\n\n\n<div class=\"wp-block-ive-ibtana-visual-editorheading\"><div class=\"ive-advanced-text-wrap ive-div-advance-text_f3ae61-ed undefined text-center text-md-center text-lg-center text-xl-center\"><h3 class=\"ive-heading-parent undefined ive-advanced-text-inner-wrap ive-adv-advance-text_f3ae61-ed ive-lh-xs-30 ive-lh-sm-30 ive-lh-md-30 ive-lh-lg-30 ive-lh-xl-30\" id=\"ive-adv-advance-text_f3ae61-ed\">PROYECTOS RURALES<\/h3><\/div><\/div>\n\n\n\n<div class=\"wp-block-ive-ibtana-visual-editorheading\"><div class=\"ive-advanced-text-wrap ive-div-advance-text_6b39f4-4c undefined text-center text-md-center text-lg-center text-xl-center\"><p class=\"ive-heading-parent undefined ive-advanced-text-inner-wrap ive-adv-advance-text_6b39f4-4c ive-lh-xs-30 ive-lh-sm-30 ive-lh-md-30 ive-lh-lg-30 ive-lh-xl-30\" id=\"ive-adv-advance-text_6b39f4-4c\">Proyectos de Ordenaci\u00f3n, Marcaje de Arbolado, Hidrolog\u00eda, Tasaciones&#8230;<\/p><\/div><\/div>\n\n\n\n<div class=\"wp-block-ive-ibtana-visual-editorbtn btn-inner-wrap ive-btn-main-parent_d6a66c-dd vw-gardening-landscaping our-expertise-btn text-center\"><div class=\"ive-btn-wrap ive-btn-unique_d6a66c-dd undefined ive-btn-wrap-0 ive-btn-align  text-center text-sm-left text-lg-center text-xl-center \"><a class=\"anchrstyle ive-button-ad_d6a66c-dd ive-button-0 ive-btn-0-action ive-btn-svg-showalways ive-btn-has-text-true\" href=\"http:\/\/kromletx.com\/index.php\/es\/kromletx-coop\/servicios-tecnicos\/proyectos-rurales\/\" target=\"_self\" rel=\"noreferrer noopener\"><span class=\"ive-btn-inner-text\">Seguir leyendo<\/span><\/a><\/div><\/div>\n<\/div>\n\n\n\n<div class=\"wp-block-column vw-gardening-landscaping expertise-col p-4 mb-5 is-layout-flow wp-block-column-is-layout-flow\"><div class=\"wp-block-image text-center is-style-rounded\">\n<figure class=\"aligncenter size-full is-resized\"><a href=\"http:\/\/kromletx.com\/index.php\/es\/kromletx-coop\/servicios-tecnicos\/asesoria-ambiental\/\"><img decoding=\"async\" loading=\"lazy\" src=\"http:\/\/kromletx.com\/wp-content\/uploads\/2022\/03\/isolated-light-bulb-draw-design-260nw-515837800A-1.jpg\" alt=\"\" class=\"wp-image-638\" width=\"140\" height=\"125\"\/><\/a><\/figure><\/div>\n\n\n<div class=\"wp-block-ive-ibtana-visual-editorheading\"><div class=\"ive-advanced-text-wrap ive-div-advance-text_f15128-63 undefined text-center text-md-center text-lg-center text-xl-center\"><h3 class=\"ive-heading-parent undefined ive-advanced-text-inner-wrap ive-adv-advance-text_f15128-63 ive-lh-xs-30 ive-lh-sm-30 ive-lh-md-30 ive-lh-lg-30 ive-lh-xl-30\" id=\"ive-adv-advance-text_f15128-63\">ASESOR\u00cdA AMBIENTAL<\/h3><\/div><\/div>\n\n\n\n<div class=\"wp-block-ive-ibtana-visual-editorheading\"><div class=\"ive-advanced-text-wrap ive-div-advance-text_f540b7-b6 undefined text-center text-md-center text-lg-center text-xl-center\"><p class=\"ive-heading-parent undefined ive-advanced-text-inner-wrap ive-adv-advance-text_f540b7-b6 ive-lh-xs-30 ive-lh-sm-30 ive-lh-md-30 ive-lh-lg-30 ive-lh-xl-30\" id=\"ive-adv-advance-text_f540b7-b6\">Informes t\u00e9cnicos, Huella de Carbono, Eficiencia Energ\u00e9tica&#8230;<\/p><\/div><\/div>\n\n\n\n<div class=\"wp-block-ive-ibtana-visual-editorbtn btn-inner-wrap ive-btn-main-parent_195a28-12 vw-gardening-landscaping our-expertise-btn text-center\"><div class=\"ive-btn-wrap ive-btn-unique_195a28-12 undefined ive-btn-wrap-0 ive-btn-align  text-center text-sm-left text-lg-center text-xl-center \"><a class=\"anchrstyle ive-button-ad_195a28-12 ive-button-0 ive-btn-0-action ive-btn-svg-showalways ive-btn-has-text-true\" href=\"http:\/\/kromletx.com\/index.php\/es\/kromletx-coop\/servicios-tecnicos\/asesoria-ambiental\/\" target=\"_self\" rel=\"noreferrer noopener\"><span class=\"ive-btn-inner-text\">Seguir leyendo<\/span><\/a><\/div><\/div>\n<\/div>\n<\/div>\n<\/div><\/div>\n\n\n\n<div class=\"wp-block-ive-carousel alignfull vw-gardening-landscaping slider-section\"><div class=\"ive-carousel-wrap ive-carousel-id_1fd8d1-de ive-carousel-has-3-tabs ive-active-tab-3 ive-carousel-layout-tabs ive-carousel-tablet-layout-inherit ive-carousel-mobile-layout-inherit \"><div class=\"ive-carousel-content-wrap owl-carousel owl-theme\" data-margin=\"0\" data-stagepadding=\"0\" data-rewind=\"false\" data-autoplay=\"true\" data-autoplaytimeout=\"5000\" data-autoplayhoverpause=\"true\" data-autoplayspeed=\"1000\" data-navspeed=\"1000\" data-dotsspeed=\"1000\" data-loop=\"true\" data-responsive-desk=\"1\" data-responsive-tab=\"1\" data-responsive-mob=\"1\" data-navtextprev=\"fas fa-angle-left\" data-navtextnext=\"fas fa-angle-right\" data-navbtntype=\"icon\">\n<div class=\"wp-block-ive-slide ive-slide-inner-content ive-inner-tab-1 ive-inner-tab_439b6d-31\"><div class=\"ive-slide-inner-content-inner\">\n<div class=\"wp-block-ive-carouselimage vw-gardening-landscaping slider-box\"><div class=\"carousel-outer carousel-outer-dynamic_5da83e-d3\"><div class=\"carousel-image\"><img decoding=\"async\" src=\"http:\/\/kromletx.com\/wp-content\/uploads\/2022\/03\/img-8987_orig-e1646333892614.jpg\"\/><div class=\"carosol-overlay\"><\/div><\/div><div class=\"carousel-content\">\n<div class=\"wp-block-ive-ibtana-visual-editorheading\"><div class=\"ive-advanced-text-wrap ive-div-advance-text_88301b-be undefined text-center text-md-start text-lg-start text-xl-start\"><h1 class=\"ive-heading-parent undefined ive-advanced-text-inner-wrap ive-adv-advance-text_88301b-be ive-lh-xs-40 ive-lh-sm-40 ive-lh-md-40 ive-lh-lg-40 ive-lh-xl-55\" id=\"ive-adv-advance-text_88301b-be\">Proyectos ambientales<\/h1><\/div><\/div>\n\n\n\n<div class=\"wp-block-ive-ibtana-visual-editorheading\"><div class=\"ive-advanced-text-wrap ive-div-advance-text_f69104-62 undefined text-center text-md-start text-lg-start text-xl-start\"><p class=\"ive-heading-parent undefined ive-advanced-text-inner-wrap ive-adv-advance-text_f69104-62 ive-lh-xs-30 ive-lh-sm-30 ive-lh-md-30 ive-lh-lg-30 ive-lh-xl-30\" id=\"ive-adv-advance-text_f69104-62\">Bioingenier\u00eda, Compostaje, Flora y Fauna, Sensibilizaci\u00f3n Ambiental&#8230;<\/p><\/div><\/div>\n\n\n\n<div class=\"wp-block-ive-ibtana-visual-editorbtn btn-inner-wrap ive-btn-main-parent_ce9bb6-92 vw-gardening-landscaping sliderbtn\"><div class=\"ive-btn-wrap ive-btn-unique_ce9bb6-92 undefined ive-btn-wrap-0 ive-btn-align  text-center text-sm-start text-lg-start text-xl-start \"><a class=\"anchrstyle ive-button-ad_ce9bb6-92 ive-button-0 ive-btn-0-action ive-btn-svg-showalways ive-btn-has-text-true\" href=\"http:\/\/kromletx.com\/index.php\/es\/kromletx-coop\/servicios-tecnicos\/proyectos-ambientales\/\" target=\"_self\" rel=\"noreferrer noopener\"><span class=\"ive-btn-inner-text\">M\u00e1s informaci\u00f3n<\/span><\/a><\/div><\/div>\n<\/div><\/div><\/div>\n<\/div><\/div>\n\n\n\n<div class=\"wp-block-ive-slide ive-slide-inner-content ive-inner-tab-2 ive-inner-tab_0448cf-af\"><div class=\"ive-slide-inner-content-inner\">\n<div class=\"wp-block-ive-carouselimage vw-gardening-landscaping slider-box\"><div class=\"carousel-outer carousel-outer-dynamic_a0d401-dc\"><div class=\"carousel-image\"><img decoding=\"async\" src=\"http:\/\/kromletx.com\/wp-content\/uploads\/2022\/03\/2044997_orig-e1646334144129.jpg\"\/><div class=\"carosol-overlay\"><\/div><\/div><div class=\"carousel-content\">\n<div class=\"wp-block-ive-ibtana-visual-editorheading\"><div class=\"ive-advanced-text-wrap ive-div-advance-text_f9d7fc-8d undefined text-center text-md-start text-lg-start text-xl-start\"><h1 class=\"ive-heading-parent undefined ive-advanced-text-inner-wrap ive-adv-advance-text_f9d7fc-8d ive-lh-xs-40 ive-lh-sm-40 ive-lh-md-40 ive-lh-lg-40 ive-lh-xl-55\" id=\"ive-adv-advance-text_f9d7fc-8d\">Proyectos rurales<\/h1><\/div><\/div>\n\n\n\n<div class=\"wp-block-ive-ibtana-visual-editorheading\"><div class=\"ive-advanced-text-wrap ive-div-advance-text_ce3375-8e undefined text-center text-md-start text-lg-start text-xl-start\"><p class=\"ive-heading-parent undefined ive-advanced-text-inner-wrap ive-adv-advance-text_ce3375-8e ive-lh-xs-30 ive-lh-sm-30 ive-lh-md-30 ive-lh-lg-30 ive-lh-xl-30\" id=\"ive-adv-advance-text_ce3375-8e\">Proyectos de Ordenaci\u00f3n, Marcaje de Arbolado, Hidrolog\u00eda, Tasaciones&#8230;<\/p><\/div><\/div>\n\n\n\n<div class=\"wp-block-ive-ibtana-visual-editorbtn btn-inner-wrap ive-btn-main-parent_9efea6-49 vw-gardening-landscaping sliderbtn\"><div class=\"ive-btn-wrap ive-btn-unique_9efea6-49 undefined ive-btn-wrap-0 ive-btn-align  text-center text-sm-start text-lg-start text-xl-start \"><a class=\"anchrstyle ive-button-ad_9efea6-49 ive-button-0 ive-btn-0-action ive-btn-svg-showalways ive-btn-has-text-true\" href=\"http:\/\/kromletx.com\/index.php\/es\/kromletx-coop\/servicios-tecnicos\/proyectos-rurales\/\" target=\"_self\" rel=\"noreferrer noopener\"><span class=\"ive-btn-inner-text\">M\u00e1s informaci\u00f3n<\/span><\/a><\/div><\/div>\n<\/div><\/div><\/div>\n<\/div><\/div>\n\n\n\n<div class=\"wp-block-ive-slide ive-slide-inner-content ive-inner-tab-3 ive-inner-tab_38e7bb-f4\"><div class=\"ive-slide-inner-content-inner\">\n<div class=\"wp-block-ive-carouselimage vw-gardening-landscaping slider-box\"><div class=\"carousel-outer carousel-outer-dynamic_a8f41b-2f\"><div class=\"carousel-image\"><img decoding=\"async\" src=\"http:\/\/kromletx.com\/wp-content\/uploads\/2022\/03\/img-8906_orig-e1646333740252.jpg\"\/><div class=\"carosol-overlay\"><\/div><\/div><div class=\"carousel-content\">\n<div class=\"wp-block-ive-ibtana-visual-editorheading\"><div class=\"ive-advanced-text-wrap ive-div-advance-text_505aad-77 undefined text-center text-md-start text-lg-start text-xl-start\"><h1 class=\"ive-heading-parent undefined ive-advanced-text-inner-wrap ive-adv-advance-text_505aad-77 ive-lh-xs-40 ive-lh-sm-40 ive-lh-md-40 ive-lh-lg-40 ive-lh-xl-55\" id=\"ive-adv-advance-text_505aad-77\">Asesor\u00eda ambiental<\/h1><\/div><\/div>\n\n\n\n<div class=\"wp-block-ive-ibtana-visual-editorheading\"><div class=\"ive-advanced-text-wrap ive-div-advance-text_34e34e-e5 undefined text-center text-md-start text-lg-start text-xl-start\"><p class=\"ive-heading-parent undefined ive-advanced-text-inner-wrap ive-adv-advance-text_34e34e-e5 ive-lh-xs-30 ive-lh-sm-30 ive-lh-md-30 ive-lh-lg-30 ive-lh-xl-30\" id=\"ive-adv-advance-text_34e34e-e5\">Informes t\u00e9cnicos, Huella de Carbono, Eficiencia Energ\u00e9tica&#8230;<\/p><\/div><\/div>\n\n\n\n<div class=\"wp-block-ive-ibtana-visual-editorbtn btn-inner-wrap ive-btn-main-parent_86a18e-19 vw-gardening-landscaping sliderbtn\"><div class=\"ive-btn-wrap ive-btn-unique_86a18e-19 undefined ive-btn-wrap-0 ive-btn-align  text-center text-sm-start text-lg-start text-xl-start \"><a class=\"anchrstyle ive-button-ad_86a18e-19 ive-button-0 ive-btn-0-action ive-btn-svg-showalways ive-btn-has-text-true\" href=\"http:\/\/kromletx.com\/index.php\/es\/kromletx-coop\/servicios-tecnicos\/asesoria-ambiental\/\" target=\"_self\" rel=\"noreferrer noopener\"><span class=\"ive-btn-inner-text\">M\u00e1s informaci\u00f3n<\/span><\/a><\/div><\/div>\n<\/div><\/div><\/div>\n<\/div><\/div>\n<\/div><\/div><\/div>\n","protected":false},"excerpt":{"rendered":"","protected":false},"author":1,"featured_media":0,"parent":195,"menu_order":2,"comment_status":"closed","ping_status":"closed","template":"page-template\/ibtana-page-template.php","meta":{"_regular_price":[],"currency_symbol":[],"footnotes":""},"post_slider_layout_featured_media_urls":{"thumbnail":"","post_slider_layout_landscape_large":"","post_slider_layout_portrait_large":"","post_slider_layout_square_large":"","post_slider_layout_landscape":"","post_slider_layout_portrait":"","post_slider_layout_square":"","full":""},"yoast_head":"<!-- This site is optimized with the Yoast SEO plugin v21.2 - https:\/\/yoast.com\/wordpress\/plugins\/seo\/ -->\n<title>SERVICIOS T\u00c9CNICOS - KROMLETX<\/title>\n<meta name=\"description\" content=\"Kromletx ofrece una amplia gama de servicios t\u00e9cnicos ambientales, rurales y ambientales, con un equipo t\u00e9cnico profesional y especializado.\" \/>\n<meta name=\"robots\" content=\"index, follow, max-snippet:-1, max-image-preview:large, max-video-preview:-1\" \/>\n<link rel=\"canonical\" href=\"https:\/\/kromletx.com\/index.php\/es\/kromletx-coop\/servicios-tecnicos\/\" \/>\n<meta property=\"og:locale\" content=\"es_ES\" \/>\n<meta property=\"og:type\" content=\"article\" \/>\n<meta property=\"og:title\" content=\"SERVICIOS T\u00c9CNICOS - KROMLETX\" \/>\n<meta property=\"og:description\" content=\"Kromletx ofrece una amplia gama de servicios t\u00e9cnicos ambientales, rurales y ambientales, con un equipo t\u00e9cnico profesional y especializado.\" \/>\n<meta property=\"og:url\" content=\"https:\/\/kromletx.com\/index.php\/es\/kromletx-coop\/servicios-tecnicos\/\" \/>\n<meta property=\"og:site_name\" content=\"KROMLETX\" \/>\n<meta property=\"article:publisher\" content=\"https:\/\/www.facebook.com\/kromletx\/\" \/>\n<meta property=\"article:modified_time\" content=\"2022-06-15T11:40:10+00:00\" \/>\n<meta property=\"og:image\" content=\"http:\/\/kromletx.com\/wp-content\/uploads\/2022\/06\/PANO_20210927_105751-1-1024x64.jpg\" \/>\n<meta name=\"twitter:card\" content=\"summary_large_image\" \/>\n<meta name=\"twitter:site\" content=\"@kromletx1\" \/>\n<meta name=\"twitter:label1\" content=\"Tiempo de lectura\" \/>\n\t<meta name=\"twitter:data1\" content=\"2 minutos\" \/>\n<script type=\"application\/ld+json\" class=\"yoast-schema-graph\">{\"@context\":\"https:\/\/schema.org\",\"@graph\":[{\"@type\":\"WebPage\",\"@id\":\"https:\/\/kromletx.com\/index.php\/es\/kromletx-coop\/servicios-tecnicos\/\",\"url\":\"https:\/\/kromletx.com\/index.php\/es\/kromletx-coop\/servicios-tecnicos\/\",\"name\":\"SERVICIOS T\u00c9CNICOS - KROMLETX\",\"isPartOf\":{\"@id\":\"https:\/\/kromletx.com\/#website\"},\"datePublished\":\"2022-03-03T16:48:19+00:00\",\"dateModified\":\"2022-06-15T11:40:10+00:00\",\"description\":\"Kromletx ofrece una amplia gama de servicios t\u00e9cnicos ambientales, rurales y ambientales, con un equipo t\u00e9cnico profesional y especializado.\",\"breadcrumb\":{\"@id\":\"https:\/\/kromletx.com\/index.php\/es\/kromletx-coop\/servicios-tecnicos\/#breadcrumb\"},\"inLanguage\":\"es\",\"potentialAction\":[{\"@type\":\"ReadAction\",\"target\":[\"https:\/\/kromletx.com\/index.php\/es\/kromletx-coop\/servicios-tecnicos\/\"]}]},{\"@type\":\"BreadcrumbList\",\"@id\":\"https:\/\/kromletx.com\/index.php\/es\/kromletx-coop\/servicios-tecnicos\/#breadcrumb\",\"itemListElement\":[{\"@type\":\"ListItem\",\"position\":1,\"name\":\"Portada\",\"item\":\"https:\/\/kromletx.com\/\"},{\"@type\":\"ListItem\",\"position\":2,\"name\":\"KROMLETX, COOP. &#8211; Ing. Rural y Ambiental\",\"item\":\"https:\/\/kromletx.com\/index.php\/es\/kromletx-coop\/\"},{\"@type\":\"ListItem\",\"position\":3,\"name\":\"SERVICIOS T\u00c9CNICOS\"}]},{\"@type\":\"WebSite\",\"@id\":\"https:\/\/kromletx.com\/#website\",\"url\":\"https:\/\/kromletx.com\/\",\"name\":\"KROMLETX\",\"description\":\"\",\"publisher\":{\"@id\":\"https:\/\/kromletx.com\/#organization\"},\"potentialAction\":[{\"@type\":\"SearchAction\",\"target\":{\"@type\":\"EntryPoint\",\"urlTemplate\":\"https:\/\/kromletx.com\/?s={search_term_string}\"},\"query-input\":\"required name=search_term_string\"}],\"inLanguage\":\"es\"},{\"@type\":\"Organization\",\"@id\":\"https:\/\/kromletx.com\/#organization\",\"name\":\"Kromletx\",\"url\":\"https:\/\/kromletx.com\/\",\"logo\":{\"@type\":\"ImageObject\",\"inLanguage\":\"es\",\"@id\":\"https:\/\/kromletx.com\/#\/schema\/logo\/image\/\",\"url\":\"http:\/\/kromletx.com\/wp-content\/uploads\/2020\/08\/Kromletx_Koop-1.jpg\",\"contentUrl\":\"http:\/\/kromletx.com\/wp-content\/uploads\/2020\/08\/Kromletx_Koop-1.jpg\",\"width\":740,\"height\":271,\"caption\":\"Kromletx\"},\"image\":{\"@id\":\"https:\/\/kromletx.com\/#\/schema\/logo\/image\/\"},\"sameAs\":[\"https:\/\/www.facebook.com\/kromletx\/\",\"https:\/\/twitter.com\/kromletx1\",\"https:\/\/www.instagram.com\/kromletx_kooperatiba\/?hl=es\",\"https:\/\/www.linkedin.com\/company\/kromletx-koop--elk--txikia\/\",\"https:\/\/www.youtube.com\/channel\/UCUtli5vj-B7KdVvA9hDj2BA\"]}]}<\/script>\n<!-- \/ Yoast SEO plugin. -->","yoast_head_json":{"title":"SERVICIOS T\u00c9CNICOS - KROMLETX","description":"Kromletx ofrece una amplia gama de servicios t\u00e9cnicos ambientales, rurales y ambientales, con un equipo t\u00e9cnico profesional y especializado.","robots":{"index":"index","follow":"follow","max-snippet":"max-snippet:-1","max-image-preview":"max-image-preview:large","max-video-preview":"max-video-preview:-1"},"canonical":"https:\/\/kromletx.com\/index.php\/es\/kromletx-coop\/servicios-tecnicos\/","og_locale":"es_ES","og_type":"article","og_title":"SERVICIOS T\u00c9CNICOS - KROMLETX","og_description":"Kromletx ofrece una amplia gama de servicios t\u00e9cnicos ambientales, rurales y ambientales, con un equipo t\u00e9cnico profesional y especializado.","og_url":"https:\/\/kromletx.com\/index.php\/es\/kromletx-coop\/servicios-tecnicos\/","og_site_name":"KROMLETX","article_publisher":"https:\/\/www.facebook.com\/kromletx\/","article_modified_time":"2022-06-15T11:40:10+00:00","og_image":[{"url":"http:\/\/kromletx.com\/wp-content\/uploads\/2022\/06\/PANO_20210927_105751-1-1024x64.jpg"}],"twitter_card":"summary_large_image","twitter_site":"@kromletx1","twitter_misc":{"Tiempo de lectura":"2 minutos"},"schema":{"@context":"https:\/\/schema.org","@graph":[{"@type":"WebPage","@id":"https:\/\/kromletx.com\/index.php\/es\/kromletx-coop\/servicios-tecnicos\/","url":"https:\/\/kromletx.com\/index.php\/es\/kromletx-coop\/servicios-tecnicos\/","name":"SERVICIOS T\u00c9CNICOS - KROMLETX","isPartOf":{"@id":"https:\/\/kromletx.com\/#website"},"datePublished":"2022-03-03T16:48:19+00:00","dateModified":"2022-06-15T11:40:10+00:00","description":"Kromletx ofrece una amplia gama de servicios t\u00e9cnicos ambientales, rurales y ambientales, con un equipo t\u00e9cnico profesional y especializado.","breadcrumb":{"@id":"https:\/\/kromletx.com\/index.php\/es\/kromletx-coop\/servicios-tecnicos\/#breadcrumb"},"inLanguage":"es","potentialAction":[{"@type":"ReadAction","target":["https:\/\/kromletx.com\/index.php\/es\/kromletx-coop\/servicios-tecnicos\/"]}]},{"@type":"BreadcrumbList","@id":"https:\/\/kromletx.com\/index.php\/es\/kromletx-coop\/servicios-tecnicos\/#breadcrumb","itemListElement":[{"@type":"ListItem","position":1,"name":"Portada","item":"https:\/\/kromletx.com\/"},{"@type":"ListItem","position":2,"name":"KROMLETX, COOP. &#8211; Ing. Rural y Ambiental","item":"https:\/\/kromletx.com\/index.php\/es\/kromletx-coop\/"},{"@type":"ListItem","position":3,"name":"SERVICIOS T\u00c9CNICOS"}]},{"@type":"WebSite","@id":"https:\/\/kromletx.com\/#website","url":"https:\/\/kromletx.com\/","name":"KROMLETX","description":"","publisher":{"@id":"https:\/\/kromletx.com\/#organization"},"potentialAction":[{"@type":"SearchAction","target":{"@type":"EntryPoint","urlTemplate":"https:\/\/kromletx.com\/?s={search_term_string}"},"query-input":"required name=search_term_string"}],"inLanguage":"es"},{"@type":"Organization","@id":"https:\/\/kromletx.com\/#organization","name":"Kromletx","url":"https:\/\/kromletx.com\/","logo":{"@type":"ImageObject","inLanguage":"es","@id":"https:\/\/kromletx.com\/#\/schema\/logo\/image\/","url":"http:\/\/kromletx.com\/wp-content\/uploads\/2020\/08\/Kromletx_Koop-1.jpg","contentUrl":"http:\/\/kromletx.com\/wp-content\/uploads\/2020\/08\/Kromletx_Koop-1.jpg","width":740,"height":271,"caption":"Kromletx"},"image":{"@id":"https:\/\/kromletx.com\/#\/schema\/logo\/image\/"},"sameAs":["https:\/\/www.facebook.com\/kromletx\/","https:\/\/twitter.com\/kromletx1","https:\/\/www.instagram.com\/kromletx_kooperatiba\/?hl=es","https:\/\/www.linkedin.com\/company\/kromletx-koop--elk--txikia\/","https:\/\/www.youtube.com\/channel\/UCUtli5vj-B7KdVvA9hDj2BA"]}]}},"_links":{"self":[{"href":"https:\/\/kromletx.com\/index.php\/wp-json\/wp\/v2\/pages\/620"}],"collection":[{"href":"https:\/\/kromletx.com\/index.php\/wp-json\/wp\/v2\/pages"}],"about":[{"href":"https:\/\/kromletx.com\/index.php\/wp-json\/wp\/v2\/types\/page"}],"author":[{"embeddable":true,"href":"https:\/\/kromletx.com\/index.php\/wp-json\/wp\/v2\/users\/1"}],"replies":[{"embeddable":true,"href":"https:\/\/kromletx.com\/index.php\/wp-json\/wp\/v2\/comments?post=620"}],"version-history":[{"count":34,"href":"https:\/\/kromletx.com\/index.php\/wp-json\/wp\/v2\/pages\/620\/revisions"}],"predecessor-version":[{"id":1724,"href":"https:\/\/kromletx.com\/index.php\/wp-json\/wp\/v2\/pages\/620\/revisions\/1724"}],"up":[{"embeddable":true,"href":"https:\/\/kromletx.com\/index.php\/wp-json\/wp\/v2\/pages\/195"}],"wp:attachment":[{"href":"https:\/\/kromletx.com\/index.php\/wp-json\/wp\/v2\/media?parent=620"}],"curies":[{"name":"wp","href":"https:\/\/api.w.org\/{rel}","templated":true}]}}